{"id":8865,"date":"2023-07-05T07:55:30","date_gmt":"2023-07-05T07:55:30","guid":{"rendered":"https:\/\/goitaly.ch\/calabriastraordinaria\/?page_id=8865"},"modified":"2023-07-05T08:41:46","modified_gmt":"2023-07-05T08:41:46","slug":"meer-calabria-straordinaria","status":"publish","type":"page","link":"https:\/\/goitaly.ch\/calabriastraordinaria\/de\/meer-calabria-straordinaria\/","title":{"rendered":"Meer &#8211; Calabria Straordinaria"},"content":{"rendered":"\t\t<div data-elementor-type=\"wp-page\" data-elementor-id=\"8865\" class=\"elementor elementor-8865 elementor-8854\" data-elementor-post-type=\"page\">\n\t\t\t\t\t\t<section class=\"elementor-section elementor-top-section elementor-element elementor-element-5d0c1c3 elementor-section-stretched elementor-section-boxed elementor-section-height-default elementor-section-height-default\" data-id=\"5d0c1c3\" data-element_type=\"section\" data-settings=\"{&quot;stretch_section&quot;:&quot;section-stretched&quot;,&quot;background_background&quot;:&quot;classic&quot;}\">\n\t\t\t\t\t\t\t<div class=\"elementor-background-overlay\"><\/div>\n\t\t\t\t\t\t\t<div class=\"elementor-container elementor-column-gap-default\">\n\t\t\t\t\t<div class=\"elementor-column elementor-col-100 elementor-top-column elementor-element elementor-element-2a567f5\" data-id=\"2a567f5\" data-element_type=\"column\">\n\t\t\t<div class=\"elementor-widget-wrap elementor-element-populated\">\n\t\t\t\t\t\t<div class=\"elementor-element elementor-element-01f3cce elementor-widget elementor-widget-heading\" data-id=\"01f3cce\" data-element_type=\"widget\" data-widget_type=\"heading.default\">\n\t\t\t\t<div class=\"elementor-widget-container\">\n\t\t\t<h6 class=\"elementor-heading-title elementor-size-default\">Mare mon amour<\/h6>\t\t<\/div>\n\t\t\t\t<\/div>\n\t\t\t\t\t<\/div>\n\t\t<\/div>\n\t\t\t\t\t<\/div>\n\t\t<\/section>\n\t\t\t\t<section class=\"elementor-section elementor-top-section elementor-element elementor-element-0f0be3f elementor-section-stretched elementor-section-boxed elementor-section-height-default elementor-section-height-default\" data-id=\"0f0be3f\" data-element_type=\"section\" data-settings=\"{&quot;background_background&quot;:&quot;classic&quot;,&quot;stretch_section&quot;:&quot;section-stretched&quot;}\">\n\t\t\t\t\t\t\t<div class=\"elementor-background-overlay\"><\/div>\n\t\t\t\t\t\t\t<div class=\"elementor-container elementor-column-gap-default\">\n\t\t\t\t\t<div class=\"elementor-column elementor-col-100 elementor-top-column elementor-element elementor-element-6094553\" data-id=\"6094553\" data-element_type=\"column\">\n\t\t\t<div class=\"elementor-widget-wrap elementor-element-populated\">\n\t\t\t\t\t\t<section class=\"elementor-section elementor-inner-section elementor-element elementor-element-5fc0d06 elementor-section-full_width elementor-section-height-default elementor-section-height-default\" data-id=\"5fc0d06\" data-element_type=\"section\">\n\t\t\t\t\t\t<div class=\"elementor-container elementor-column-gap-default\">\n\t\t\t\t\t<div class=\"elementor-column elementor-col-50 elementor-inner-column elementor-element elementor-element-ccc101e\" data-id=\"ccc101e\" data-element_type=\"column\">\n\t\t\t<div class=\"elementor-widget-wrap elementor-element-populated\">\n\t\t\t\t\t\t<div class=\"elementor-element elementor-element-268f3f6 elementor-widget elementor-widget-heading\" data-id=\"268f3f6\" data-element_type=\"widget\" data-widget_type=\"heading.default\">\n\t\t\t\t<div class=\"elementor-widget-container\">\n\t\t\t<h6 class=\"elementor-heading-title elementor-size-default\">Calabria Straordinaria: mare mon amour<\/h6>\t\t<\/div>\n\t\t\t\t<\/div>\n\t\t\t\t<div class=\"elementor-element elementor-element-b22a38b elementor-headline--style-highlight elementor-widget elementor-widget-animated-headline\" data-id=\"b22a38b\" data-element_type=\"widget\" data-settings=\"{&quot;marker&quot;:&quot;strikethrough&quot;,&quot;highlighted_text&quot;:&quot;Sonnenunterg\\u00e4nge&quot;,&quot;headline_style&quot;:&quot;highlight&quot;,&quot;loop&quot;:&quot;yes&quot;,&quot;highlight_animation_duration&quot;:1200,&quot;highlight_iteration_delay&quot;:8000}\" data-widget_type=\"animated-headline.default\">\n\t\t\t\t<div class=\"elementor-widget-container\">\n\t\t\t\t\t<h1 class=\"elementor-headline\">\n\t\t\t\t\t<span class=\"elementor-headline-plain-text elementor-headline-text-wrapper\">Kristallklares Meer, atemberaubende &nbsp<\/span>\n\t\t\t\t<span class=\"elementor-headline-dynamic-wrapper elementor-headline-text-wrapper\">\n\t\t\t\t\t<span class=\"elementor-headline-dynamic-text elementor-headline-text-active\">Sonnenunterg\u00e4nge<\/span>\n\t\t\t\t<\/span>\n\t\t\t\t\t<span class=\"elementor-headline-plain-text elementor-headline-text-wrapper\"> &nbsp;und Str\u00e4nde, die man den ganzen Tag lang geniessen kann<\/span>\n\t\t\t\t\t<\/h1>\n\t\t\t\t<\/div>\n\t\t\t\t<\/div>\n\t\t\t\t<div class=\"elementor-element elementor-element-c8529b6 elementor-widget elementor-widget-text-editor\" data-id=\"c8529b6\" data-element_type=\"widget\" data-widget_type=\"text-editor.default\">\n\t\t\t\t<div class=\"elementor-widget-container\">\n\t\t\t\t\t\t\t<p>Kalabrien, das einzigartige Flair des Meeres. Die paradiesischen Str\u00e4nde dieser s\u00fcditalienischen Region erwarten euch f\u00fcr unvergessliche Urlaubstage.<\/p>\t\t\t\t\t\t<\/div>\n\t\t\t\t<\/div>\n\t\t\t\t\t<\/div>\n\t\t<\/div>\n\t\t\t\t<div class=\"elementor-column elementor-col-50 elementor-inner-column elementor-element elementor-element-f583122\" data-id=\"f583122\" data-element_type=\"column\">\n\t\t\t<div class=\"elementor-widget-wrap elementor-element-populated\">\n\t\t\t\t\t\t<div class=\"elementor-element elementor-element-b7f6c82 elementor-widget elementor-widget-image\" data-id=\"b7f6c82\" data-element_type=\"widget\" data-widget_type=\"image.default\">\n\t\t\t\t<div class=\"elementor-widget-container\">\n\t\t\t\t\t\t\t\t\t\t\t\t\t\t<a href=\"https:\/\/goitaly.ch\/calabriastraordinaria\/wp-content\/uploads\/2023\/07\/mare-tramonto-1.jpg\" data-elementor-open-lightbox=\"yes\" data-elementor-lightbox-title=\"mare-tramonto-1\" data-e-action-hash=\"#elementor-action%3Aaction%3Dlightbox%26settings%3DeyJpZCI6ODM2MiwidXJsIjoiaHR0cHM6XC9cL2dvaXRhbHkuY2hcL2NhbGFicmlhc3RyYW9yZGluYXJpYVwvd3AtY29udGVudFwvdXBsb2Fkc1wvMjAyM1wvMDdcL21hcmUtdHJhbW9udG8tMS5qcGcifQ%3D%3D\">\n\t\t\t\t\t\t\t<img fetchpriority=\"high\" decoding=\"async\" width=\"1920\" height=\"1280\" src=\"https:\/\/goitaly.ch\/calabriastraordinaria\/wp-content\/uploads\/2023\/07\/mare-tramonto-1.jpg\" class=\"attachment-full size-full wp-image-8362\" alt=\"Tramonto Calabria Straordinaria\" srcset=\"https:\/\/goitaly.ch\/calabriastraordinaria\/wp-content\/uploads\/2023\/07\/mare-tramonto-1.jpg 1920w, https:\/\/goitaly.ch\/calabriastraordinaria\/wp-content\/uploads\/2023\/07\/mare-tramonto-1-300x200.jpg 300w, https:\/\/goitaly.ch\/calabriastraordinaria\/wp-content\/uploads\/2023\/07\/mare-tramonto-1-1024x683.jpg 1024w, https:\/\/goitaly.ch\/calabriastraordinaria\/wp-content\/uploads\/2023\/07\/mare-tramonto-1-768x512.jpg 768w, https:\/\/goitaly.ch\/calabriastraordinaria\/wp-content\/uploads\/2023\/07\/mare-tramonto-1-1536x1024.jpg 1536w\" sizes=\"(max-width: 1920px) 100vw, 1920px\" \/>\t\t\t\t\t\t\t\t<\/a>\n\t\t\t\t\t\t\t\t\t\t\t\t\t<\/div>\n\t\t\t\t<\/div>\n\t\t\t\t\t<\/div>\n\t\t<\/div>\n\t\t\t\t\t<\/div>\n\t\t<\/section>\n\t\t\t\t\t<\/div>\n\t\t<\/div>\n\t\t\t\t\t<\/div>\n\t\t<\/section>\n\t\t\t\t<section class=\"elementor-section elementor-top-section elementor-element elementor-element-a264d7c elementor-section-boxed elementor-section-height-default elementor-section-height-default\" data-id=\"a264d7c\" data-element_type=\"section\">\n\t\t\t\t\t\t<div class=\"elementor-container elementor-column-gap-default\">\n\t\t\t\t\t<div class=\"elementor-column elementor-col-100 elementor-top-column elementor-element elementor-element-47a71f9\" data-id=\"47a71f9\" data-element_type=\"column\">\n\t\t\t<div class=\"elementor-widget-wrap elementor-element-populated\">\n\t\t\t\t\t\t<div class=\"elementor-element elementor-element-8fb0d6d elementor-widget elementor-widget-text-editor\" data-id=\"8fb0d6d\" data-element_type=\"widget\" data-widget_type=\"text-editor.default\">\n\t\t\t\t<div class=\"elementor-widget-container\">\n\t\t\t\t\t\t\t<p>Feinster Sandstrand, steile Klippen und einzigartige Sonnenunterg\u00e4nge, und dazu noch kristallklares Wasser wie man es sonst fast nirgendwo findet.\u00a0<\/p><p>Diese beeindruckende Landschaft ist aber erst der Anfang. Das wundervolle Kalabrien kann n\u00e4mlich noch viel mehr: Jeder K\u00fcstenabschnitt ist anders, und bestimmt finden alle ihren Lieblingsplatz.<\/p>\t\t\t\t\t\t<\/div>\n\t\t\t\t<\/div>\n\t\t\t\t<div class=\"elementor-element elementor-element-98f258a elementor-widget elementor-widget-text-editor\" data-id=\"98f258a\" data-element_type=\"widget\" data-widget_type=\"text-editor.default\">\n\t\t\t\t<div class=\"elementor-widget-container\">\n\t\t\t\t\t\t\t<p>Die Vielfalt dieser Region ist ausserordentlich: Hier ist die Natur noch unber\u00fchrt und authentisch, so wie es nur die mediterrane Macchia sein kann. Nur in Kalabrien finden man Naturschutzgebiete, in die sich die Seepferdchen zur\u00fcckziehen, um sich fortzupflanzen. Und nur hier erstrahlt das Meer dank goldenem Sand in all seinen Blaut\u00f6nen und der Wanderer kann sich am typischen Geruch der Zedern und des Rosmarins erfreuen. Abseits der \u00fcblichen Touristenhochburgen erwartet euch Kalabrien, um euch mit vielen Sch\u00e4tzen in seinen Bann zu ziehen.<\/p>\t\t\t\t\t\t<\/div>\n\t\t\t\t<\/div>\n\t\t\t\t\t<\/div>\n\t\t<\/div>\n\t\t\t\t\t<\/div>\n\t\t<\/section>\n\t\t\t\t<section class=\"elementor-section elementor-top-section elementor-element elementor-element-aa8fa13 elementor-section-boxed elementor-section-height-default elementor-section-height-default\" data-id=\"aa8fa13\" data-element_type=\"section\">\n\t\t\t\t\t\t<div class=\"elementor-container elementor-column-gap-default\">\n\t\t\t\t\t<div class=\"elementor-column elementor-col-33 elementor-top-column elementor-element elementor-element-a19a5d1\" data-id=\"a19a5d1\" data-element_type=\"column\">\n\t\t\t<div class=\"elementor-widget-wrap elementor-element-populated\">\n\t\t\t\t\t\t<div class=\"elementor-element elementor-element-4a5fec8 elementor-widget elementor-widget-image\" data-id=\"4a5fec8\" data-element_type=\"widget\" data-widget_type=\"image.default\">\n\t\t\t\t<div class=\"elementor-widget-container\">\n\t\t\t\t\t\t\t\t\t\t\t\t\t\t<a href=\"https:\/\/goitaly.ch\/calabriastraordinaria\/wp-content\/uploads\/2023\/07\/mare-calabria.jpg\" data-elementor-open-lightbox=\"yes\" data-elementor-lightbox-title=\"mare-calabria\" data-e-action-hash=\"#elementor-action%3Aaction%3Dlightbox%26settings%3DeyJpZCI6ODQ1MiwidXJsIjoiaHR0cHM6XC9cL2dvaXRhbHkuY2hcL2NhbGFicmlhc3RyYW9yZGluYXJpYVwvd3AtY29udGVudFwvdXBsb2Fkc1wvMjAyM1wvMDdcL21hcmUtY2FsYWJyaWEuanBnIn0%3D\">\n\t\t\t\t\t\t\t<img decoding=\"async\" width=\"1024\" height=\"683\" src=\"https:\/\/goitaly.ch\/calabriastraordinaria\/wp-content\/uploads\/2023\/07\/mare-calabria-1024x683.jpg\" class=\"attachment-large size-large wp-image-8452\" alt=\"mare calabria\" srcset=\"https:\/\/goitaly.ch\/calabriastraordinaria\/wp-content\/uploads\/2023\/07\/mare-calabria-1024x683.jpg 1024w, https:\/\/goitaly.ch\/calabriastraordinaria\/wp-content\/uploads\/2023\/07\/mare-calabria-300x200.jpg 300w, https:\/\/goitaly.ch\/calabriastraordinaria\/wp-content\/uploads\/2023\/07\/mare-calabria-768x512.jpg 768w, https:\/\/goitaly.ch\/calabriastraordinaria\/wp-content\/uploads\/2023\/07\/mare-calabria-1536x1024.jpg 1536w, https:\/\/goitaly.ch\/calabriastraordinaria\/wp-content\/uploads\/2023\/07\/mare-calabria.jpg 1920w\" sizes=\"(max-width: 1024px) 100vw, 1024px\" \/>\t\t\t\t\t\t\t\t<\/a>\n\t\t\t\t\t\t\t\t\t\t\t\t\t<\/div>\n\t\t\t\t<\/div>\n\t\t\t\t\t<\/div>\n\t\t<\/div>\n\t\t\t\t<div class=\"elementor-column elementor-col-33 elementor-top-column elementor-element elementor-element-ff671e2\" data-id=\"ff671e2\" data-element_type=\"column\">\n\t\t\t<div class=\"elementor-widget-wrap elementor-element-populated\">\n\t\t\t\t\t\t<div class=\"elementor-element elementor-element-fd6d869 elementor-widget elementor-widget-image\" data-id=\"fd6d869\" data-element_type=\"widget\" data-widget_type=\"image.default\">\n\t\t\t\t<div class=\"elementor-widget-container\">\n\t\t\t\t\t\t\t\t\t\t\t\t\t\t<a href=\"https:\/\/goitaly.ch\/calabriastraordinaria\/wp-content\/uploads\/2023\/07\/mare-calabria-4.jpg\" data-elementor-open-lightbox=\"yes\" data-elementor-lightbox-title=\"mare-calabria-4\" data-e-action-hash=\"#elementor-action%3Aaction%3Dlightbox%26settings%3DeyJpZCI6ODQ2NSwidXJsIjoiaHR0cHM6XC9cL2dvaXRhbHkuY2hcL2NhbGFicmlhc3RyYW9yZGluYXJpYVwvd3AtY29udGVudFwvdXBsb2Fkc1wvMjAyM1wvMDdcL21hcmUtY2FsYWJyaWEtNC5qcGcifQ%3D%3D\">\n\t\t\t\t\t\t\t<img decoding=\"async\" width=\"1024\" height=\"683\" src=\"https:\/\/goitaly.ch\/calabriastraordinaria\/wp-content\/uploads\/2023\/07\/mare-calabria-4-1024x683.jpg\" class=\"attachment-large size-large wp-image-8465\" alt=\"mare calabria\" srcset=\"https:\/\/goitaly.ch\/calabriastraordinaria\/wp-content\/uploads\/2023\/07\/mare-calabria-4-1024x683.jpg 1024w, https:\/\/goitaly.ch\/calabriastraordinaria\/wp-content\/uploads\/2023\/07\/mare-calabria-4-300x200.jpg 300w, https:\/\/goitaly.ch\/calabriastraordinaria\/wp-content\/uploads\/2023\/07\/mare-calabria-4-768x512.jpg 768w, https:\/\/goitaly.ch\/calabriastraordinaria\/wp-content\/uploads\/2023\/07\/mare-calabria-4-1536x1024.jpg 1536w, https:\/\/goitaly.ch\/calabriastraordinaria\/wp-content\/uploads\/2023\/07\/mare-calabria-4.jpg 1920w\" sizes=\"(max-width: 1024px) 100vw, 1024px\" \/>\t\t\t\t\t\t\t\t<\/a>\n\t\t\t\t\t\t\t\t\t\t\t\t\t<\/div>\n\t\t\t\t<\/div>\n\t\t\t\t\t<\/div>\n\t\t<\/div>\n\t\t\t\t<div class=\"elementor-column elementor-col-33 elementor-top-column elementor-element elementor-element-bee3fd7\" data-id=\"bee3fd7\" data-element_type=\"column\">\n\t\t\t<div class=\"elementor-widget-wrap elementor-element-populated\">\n\t\t\t\t\t\t<div class=\"elementor-element elementor-element-9826efb elementor-widget elementor-widget-image\" data-id=\"9826efb\" data-element_type=\"widget\" data-widget_type=\"image.default\">\n\t\t\t\t<div class=\"elementor-widget-container\">\n\t\t\t\t\t\t\t\t\t\t\t\t\t\t<a href=\"https:\/\/goitaly.ch\/calabriastraordinaria\/wp-content\/uploads\/2023\/07\/mare-calabria-3.jpg\" data-elementor-open-lightbox=\"yes\" data-elementor-lightbox-title=\"mare-calabria-3\" data-e-action-hash=\"#elementor-action%3Aaction%3Dlightbox%26settings%3DeyJpZCI6ODQ1OCwidXJsIjoiaHR0cHM6XC9cL2dvaXRhbHkuY2hcL2NhbGFicmlhc3RyYW9yZGluYXJpYVwvd3AtY29udGVudFwvdXBsb2Fkc1wvMjAyM1wvMDdcL21hcmUtY2FsYWJyaWEtMy5qcGcifQ%3D%3D\">\n\t\t\t\t\t\t\t<img loading=\"lazy\" decoding=\"async\" width=\"1024\" height=\"683\" src=\"https:\/\/goitaly.ch\/calabriastraordinaria\/wp-content\/uploads\/2023\/07\/mare-calabria-3-1024x683.jpg\" class=\"attachment-large size-large wp-image-8458\" alt=\"mare calabria\" srcset=\"https:\/\/goitaly.ch\/calabriastraordinaria\/wp-content\/uploads\/2023\/07\/mare-calabria-3-1024x683.jpg 1024w, https:\/\/goitaly.ch\/calabriastraordinaria\/wp-content\/uploads\/2023\/07\/mare-calabria-3-300x200.jpg 300w, https:\/\/goitaly.ch\/calabriastraordinaria\/wp-content\/uploads\/2023\/07\/mare-calabria-3-768x512.jpg 768w, https:\/\/goitaly.ch\/calabriastraordinaria\/wp-content\/uploads\/2023\/07\/mare-calabria-3-1536x1024.jpg 1536w, https:\/\/goitaly.ch\/calabriastraordinaria\/wp-content\/uploads\/2023\/07\/mare-calabria-3.jpg 1920w\" sizes=\"(max-width: 1024px) 100vw, 1024px\" \/>\t\t\t\t\t\t\t\t<\/a>\n\t\t\t\t\t\t\t\t\t\t\t\t\t<\/div>\n\t\t\t\t<\/div>\n\t\t\t\t\t<\/div>\n\t\t<\/div>\n\t\t\t\t\t<\/div>\n\t\t<\/section>\n\t\t\t\t<\/div>\n\t\t","protected":false},"excerpt":{"rendered":"<p>Mare mon amour Calabria Straordinaria: mare mon amour Kristallklares Meer, atemberaubende &#038;nbsp Sonnenunterg\u00e4nge &nbsp;und Str\u00e4nde, die man den ganzen Tag lang geniessen kann Kalabrien, das einzigartige Flair des Meeres. Die paradiesischen Str\u00e4nde dieser s\u00fcditalienischen Region erwarten euch f\u00fcr unvergessliche Urlaubstage. Feinster Sandstrand, steile Klippen und einzigartige Sonnenunterg\u00e4nge, und dazu noch kristallklares Wasser wie man es [&hellip;]<\/p>\n","protected":false},"author":1,"featured_media":0,"parent":0,"menu_order":0,"comment_status":"closed","ping_status":"closed","template":"","meta":{"rank_math_lock_modified_date":false,"footnotes":""},"class_list":["post-8865","page","type-page","status-publish","hentry"],"_links":{"self":[{"href":"https:\/\/goitaly.ch\/calabriastraordinaria\/de\/wp-json\/wp\/v2\/pages\/8865","targetHints":{"allow":["GET"]}}],"collection":[{"href":"https:\/\/goitaly.ch\/calabriastraordinaria\/de\/wp-json\/wp\/v2\/pages"}],"about":[{"href":"https:\/\/goitaly.ch\/calabriastraordinaria\/de\/wp-json\/wp\/v2\/types\/page"}],"author":[{"embeddable":true,"href":"https:\/\/goitaly.ch\/calabriastraordinaria\/de\/wp-json\/wp\/v2\/users\/1"}],"replies":[{"embeddable":true,"href":"https:\/\/goitaly.ch\/calabriastraordinaria\/de\/wp-json\/wp\/v2\/comments?post=8865"}],"version-history":[{"count":10,"href":"https:\/\/goitaly.ch\/calabriastraordinaria\/de\/wp-json\/wp\/v2\/pages\/8865\/revisions"}],"predecessor-version":[{"id":8902,"href":"https:\/\/goitaly.ch\/calabriastraordinaria\/de\/wp-json\/wp\/v2\/pages\/8865\/revisions\/8902"}],"wp:attachment":[{"href":"https:\/\/goitaly.ch\/calabriastraordinaria\/de\/wp-json\/wp\/v2\/media?parent=8865"}],"curies":[{"name":"wp","href":"https:\/\/api.w.org\/{rel}","templated":true}]}}