{"id":8925,"date":"2023-07-03T09:05:59","date_gmt":"2023-07-03T09:05:59","guid":{"rendered":"https:\/\/goitaly.ch\/calabriastraordinaria\/?page_id=8925"},"modified":"2023-07-05T11:49:43","modified_gmt":"2023-07-05T11:49:43","slug":"kunst-und-kultur-calabria-straordinaria","status":"publish","type":"page","link":"https:\/\/goitaly.ch\/calabriastraordinaria\/de\/kunst-und-kultur-calabria-straordinaria\/","title":{"rendered":"Kunst und Kultur \u2013 Calabria Straordinaria\u00a0"},"content":{"rendered":"\t\t<div data-elementor-type=\"wp-page\" data-elementor-id=\"8925\" class=\"elementor elementor-8925 elementor-8563\" data-elementor-post-type=\"page\">\n\t\t\t\t\t\t<section class=\"elementor-section elementor-top-section elementor-element elementor-element-4b80213 elementor-section-stretched elementor-section-boxed elementor-section-height-default elementor-section-height-default\" data-id=\"4b80213\" data-element_type=\"section\" data-settings=\"{&quot;stretch_section&quot;:&quot;section-stretched&quot;,&quot;background_background&quot;:&quot;classic&quot;}\">\n\t\t\t\t\t\t\t<div class=\"elementor-background-overlay\"><\/div>\n\t\t\t\t\t\t\t<div class=\"elementor-container elementor-column-gap-default\">\n\t\t\t\t\t<div class=\"elementor-column elementor-col-100 elementor-top-column elementor-element elementor-element-6129743\" data-id=\"6129743\" data-element_type=\"column\">\n\t\t\t<div class=\"elementor-widget-wrap elementor-element-populated\">\n\t\t\t\t\t\t<div class=\"elementor-element elementor-element-bc96a63 elementor-widget elementor-widget-heading\" data-id=\"bc96a63\" data-element_type=\"widget\" data-widget_type=\"heading.default\">\n\t\t\t\t<div class=\"elementor-widget-container\">\n\t\t\t<h6 class=\"elementor-heading-title elementor-size-default\">Kalabrien, ein Land der Kunst und der Kultur <\/h6>\t\t<\/div>\n\t\t\t\t<\/div>\n\t\t\t\t\t<\/div>\n\t\t<\/div>\n\t\t\t\t\t<\/div>\n\t\t<\/section>\n\t\t\t\t<section class=\"elementor-section elementor-top-section elementor-element elementor-element-4aa98ba elementor-section-stretched elementor-section-boxed elementor-section-height-default elementor-section-height-default\" data-id=\"4aa98ba\" data-element_type=\"section\" data-settings=\"{&quot;background_background&quot;:&quot;classic&quot;,&quot;stretch_section&quot;:&quot;section-stretched&quot;}\">\n\t\t\t\t\t\t\t<div class=\"elementor-background-overlay\"><\/div>\n\t\t\t\t\t\t\t<div class=\"elementor-container elementor-column-gap-default\">\n\t\t\t\t\t<div class=\"elementor-column elementor-col-100 elementor-top-column elementor-element elementor-element-b4ec110\" data-id=\"b4ec110\" data-element_type=\"column\">\n\t\t\t<div class=\"elementor-widget-wrap elementor-element-populated\">\n\t\t\t\t\t\t<section class=\"elementor-section elementor-inner-section elementor-element elementor-element-ba86845 elementor-section-full_width elementor-section-height-default elementor-section-height-default\" data-id=\"ba86845\" data-element_type=\"section\">\n\t\t\t\t\t\t<div class=\"elementor-container elementor-column-gap-default\">\n\t\t\t\t\t<div class=\"elementor-column elementor-col-50 elementor-inner-column elementor-element elementor-element-84fbc90\" data-id=\"84fbc90\" data-element_type=\"column\">\n\t\t\t<div class=\"elementor-widget-wrap elementor-element-populated\">\n\t\t\t\t\t\t<div class=\"elementor-element elementor-element-b77a98b elementor-widget elementor-widget-heading\" data-id=\"b77a98b\" data-element_type=\"widget\" data-widget_type=\"heading.default\">\n\t\t\t\t<div class=\"elementor-widget-container\">\n\t\t\t<h6 class=\"elementor-heading-title elementor-size-default\">Kalabrien, ein Land der Kunst und der Kultur <\/h6>\t\t<\/div>\n\t\t\t\t<\/div>\n\t\t\t\t<div class=\"elementor-element elementor-element-8f3fd2f elementor-headline--style-highlight elementor-widget elementor-widget-animated-headline\" data-id=\"8f3fd2f\" data-element_type=\"widget\" data-settings=\"{&quot;marker&quot;:&quot;strikethrough&quot;,&quot;highlighted_text&quot;:&quot;Kalabrien&quot;,&quot;headline_style&quot;:&quot;highlight&quot;,&quot;loop&quot;:&quot;yes&quot;,&quot;highlight_animation_duration&quot;:1200,&quot;highlight_iteration_delay&quot;:8000}\" data-widget_type=\"animated-headline.default\">\n\t\t\t\t<div class=\"elementor-widget-container\">\n\t\t\t\t\t<h1 class=\"elementor-headline\">\n\t\t\t\t\t<span class=\"elementor-headline-plain-text elementor-headline-text-wrapper\">Museen, arch\u00e4ologische St\u00e4tten und die \u201eBorghi pi\u00f9 belli d\u2019Italia\u201c (die sch\u00f6nsten Orte Italiens): <\/span>\n\t\t\t\t<span class=\"elementor-headline-dynamic-wrapper elementor-headline-text-wrapper\">\n\t\t\t\t\t<span class=\"elementor-headline-dynamic-text elementor-headline-text-active\">Kalabrien<\/span>\n\t\t\t\t<\/span>\n\t\t\t\t\t<span class=\"elementor-headline-plain-text elementor-headline-text-wrapper\">&nbsp;, das Land der Kultur<\/span>\n\t\t\t\t\t<\/h1>\n\t\t\t\t<\/div>\n\t\t\t\t<\/div>\n\t\t\t\t\t<\/div>\n\t\t<\/div>\n\t\t\t\t<div class=\"elementor-column elementor-col-50 elementor-inner-column elementor-element elementor-element-22984f1\" data-id=\"22984f1\" data-element_type=\"column\">\n\t\t\t<div class=\"elementor-widget-wrap elementor-element-populated\">\n\t\t\t\t\t\t<div class=\"elementor-element elementor-element-9665cff elementor-widget elementor-widget-image\" data-id=\"9665cff\" data-element_type=\"widget\" data-widget_type=\"image.default\">\n\t\t\t\t<div class=\"elementor-widget-container\">\n\t\t\t\t\t\t\t\t\t\t\t\t\t\t<a href=\"https:\/\/goitaly.ch\/calabriastraordinaria\/wp-content\/uploads\/2023\/07\/cultura-5.jpg\" data-elementor-open-lightbox=\"yes\" data-elementor-lightbox-title=\"cultura-5\" data-e-action-hash=\"#elementor-action%3Aaction%3Dlightbox%26settings%3DeyJpZCI6ODU0NywidXJsIjoiaHR0cHM6XC9cL2dvaXRhbHkuY2hcL2NhbGFicmlhc3RyYW9yZGluYXJpYVwvd3AtY29udGVudFwvdXBsb2Fkc1wvMjAyM1wvMDdcL2N1bHR1cmEtNS5qcGcifQ%3D%3D\">\n\t\t\t\t\t\t\t<img fetchpriority=\"high\" decoding=\"async\" width=\"1920\" height=\"1280\" src=\"https:\/\/goitaly.ch\/calabriastraordinaria\/wp-content\/uploads\/2023\/07\/cultura-5.jpg\" class=\"attachment-full size-full wp-image-8547\" alt=\"Arte e cultura - Calabria Straordinaria\" srcset=\"https:\/\/goitaly.ch\/calabriastraordinaria\/wp-content\/uploads\/2023\/07\/cultura-5.jpg 1920w, https:\/\/goitaly.ch\/calabriastraordinaria\/wp-content\/uploads\/2023\/07\/cultura-5-300x200.jpg 300w, https:\/\/goitaly.ch\/calabriastraordinaria\/wp-content\/uploads\/2023\/07\/cultura-5-1024x683.jpg 1024w, https:\/\/goitaly.ch\/calabriastraordinaria\/wp-content\/uploads\/2023\/07\/cultura-5-768x512.jpg 768w, https:\/\/goitaly.ch\/calabriastraordinaria\/wp-content\/uploads\/2023\/07\/cultura-5-1536x1024.jpg 1536w\" sizes=\"(max-width: 1920px) 100vw, 1920px\" \/>\t\t\t\t\t\t\t\t<\/a>\n\t\t\t\t\t\t\t\t\t\t\t\t\t<\/div>\n\t\t\t\t<\/div>\n\t\t\t\t\t<\/div>\n\t\t<\/div>\n\t\t\t\t\t<\/div>\n\t\t<\/section>\n\t\t\t\t\t<\/div>\n\t\t<\/div>\n\t\t\t\t\t<\/div>\n\t\t<\/section>\n\t\t\t\t<section class=\"elementor-section elementor-top-section elementor-element elementor-element-020fa35 elementor-section-boxed elementor-section-height-default elementor-section-height-default\" data-id=\"020fa35\" data-element_type=\"section\">\n\t\t\t\t\t\t<div class=\"elementor-container elementor-column-gap-default\">\n\t\t\t\t\t<div class=\"elementor-column elementor-col-100 elementor-top-column elementor-element elementor-element-96ecae7\" data-id=\"96ecae7\" data-element_type=\"column\">\n\t\t\t<div class=\"elementor-widget-wrap elementor-element-populated\">\n\t\t\t\t\t\t<div class=\"elementor-element elementor-element-c2c6509 elementor-widget elementor-widget-text-editor\" data-id=\"c2c6509\" data-element_type=\"widget\" data-widget_type=\"text-editor.default\">\n\t\t\t\t<div class=\"elementor-widget-container\">\n\t\t\t\t\t\t\t<p>Kalabrien, einst das Herzst\u00fcck der Magna Graecia, ist bereit, mit geschichtstr\u00e4chtigen St\u00e4dten und Orten auch die anspruchsvollsten Besucher:innen in den Bann zu ziehen. Kalabrien z\u00e4hlt 15 \u201eBorghi pi\u00f9 belli d\u2019Italia\u201c und neun Unesco-Welterbest\u00e4tten und ist die Wiege eines der antiksten Kapitel der Geschichte der Menschheit.<\/p>\t\t\t\t\t\t<\/div>\n\t\t\t\t<\/div>\n\t\t\t\t<div class=\"elementor-element elementor-element-d1471b9 elementor-widget elementor-widget-text-editor\" data-id=\"d1471b9\" data-element_type=\"widget\" data-widget_type=\"text-editor.default\">\n\t\t\t\t<div class=\"elementor-widget-container\">\n\t\t\t\t\t\t\t<p>Hier konnten Philosophie, Kunst und Kultur aufbl\u00fchen, ein Vorgeschmack auf das heutige \u201eMade in Italy\u201c. Man denke an die Goldschmiedekunst, an bestimmte Textilien, Terracotta oder an die Kunst, die dazu verwendet wurde, um Meisterwerke wie die imposanten Statuen der <strong>Bronzi von Riace<\/strong> herzustellen<\/p>\t\t\t\t\t\t<\/div>\n\t\t\t\t<\/div>\n\t\t\t\t<div class=\"elementor-element elementor-element-73414ab elementor-widget elementor-widget-text-editor\" data-id=\"73414ab\" data-element_type=\"widget\" data-widget_type=\"text-editor.default\">\n\t\t\t\t<div class=\"elementor-widget-container\">\n\t\t\t\t\t\t\t<p>Wenn Arch\u00e4ologie zu euren Leidenschaften z\u00e4hlt, dann seid ihr hier genau richtig: In Kalabrien befinden sich viele Grabungsst\u00e4tten und zahlreiche Museen mit Gem\u00e4lden, Skulpturen und Installationen lokaler wie auch internationaler K\u00fcnstler.\u00a0<\/p>\t\t\t\t\t\t<\/div>\n\t\t\t\t<\/div>\n\t\t\t\t<div class=\"elementor-element elementor-element-691b0be elementor-widget elementor-widget-text-editor\" data-id=\"691b0be\" data-element_type=\"widget\" data-widget_type=\"text-editor.default\">\n\t\t\t\t<div class=\"elementor-widget-container\">\n\t\t\t\t\t\t\t<p>Mit aufs Programm geh\u00f6ren auch die historischen Palazzi, wie das \u201eMuseo del Costume\u201c (Museum der traditionellen Gew\u00e4nder) und das \u201eMuseo della Liquirizia\u201c (Lakritzemuseum), dank denen ihr in die Traditionen Kalabriens eintauchen k\u00f6nnt. Die zahlreichen literarischen Parks in Kalabrien runden das Programm ab.\u00a0Eine Reise nach Kalabrien ist eine wahre kulturelle Bereicherung.<\/p>\t\t\t\t\t\t<\/div>\n\t\t\t\t<\/div>\n\t\t\t\t\t<\/div>\n\t\t<\/div>\n\t\t\t\t\t<\/div>\n\t\t<\/section>\n\t\t\t\t<section class=\"elementor-section elementor-top-section elementor-element elementor-element-ce04e28 elementor-section-boxed elementor-section-height-default elementor-section-height-default\" data-id=\"ce04e28\" data-element_type=\"section\">\n\t\t\t\t\t\t<div class=\"elementor-container elementor-column-gap-default\">\n\t\t\t\t\t<div class=\"elementor-column elementor-col-33 elementor-top-column elementor-element elementor-element-d888b8e\" data-id=\"d888b8e\" data-element_type=\"column\">\n\t\t\t<div class=\"elementor-widget-wrap elementor-element-populated\">\n\t\t\t\t\t\t<div class=\"elementor-element elementor-element-478335b elementor-widget elementor-widget-image\" data-id=\"478335b\" data-element_type=\"widget\" data-widget_type=\"image.default\">\n\t\t\t\t<div class=\"elementor-widget-container\">\n\t\t\t\t\t\t\t\t\t\t\t\t\t\t<a href=\"https:\/\/goitaly.ch\/calabriastraordinaria\/wp-content\/uploads\/2023\/07\/cultura-1.jpg\" data-elementor-open-lightbox=\"yes\" data-elementor-lightbox-title=\"cultura-1\" data-e-action-hash=\"#elementor-action%3Aaction%3Dlightbox%26settings%3DeyJpZCI6ODUyOSwidXJsIjoiaHR0cHM6XC9cL2dvaXRhbHkuY2hcL2NhbGFicmlhc3RyYW9yZGluYXJpYVwvd3AtY29udGVudFwvdXBsb2Fkc1wvMjAyM1wvMDdcL2N1bHR1cmEtMS5qcGcifQ%3D%3D\">\n\t\t\t\t\t\t\t<img decoding=\"async\" width=\"1024\" height=\"683\" src=\"https:\/\/goitaly.ch\/calabriastraordinaria\/wp-content\/uploads\/2023\/07\/cultura-1-1024x683.jpg\" class=\"attachment-large size-large wp-image-8529\" alt=\"Arte e cultura - Calabria Straordinaria\" srcset=\"https:\/\/goitaly.ch\/calabriastraordinaria\/wp-content\/uploads\/2023\/07\/cultura-1-1024x683.jpg 1024w, https:\/\/goitaly.ch\/calabriastraordinaria\/wp-content\/uploads\/2023\/07\/cultura-1-300x200.jpg 300w, https:\/\/goitaly.ch\/calabriastraordinaria\/wp-content\/uploads\/2023\/07\/cultura-1-768x512.jpg 768w, https:\/\/goitaly.ch\/calabriastraordinaria\/wp-content\/uploads\/2023\/07\/cultura-1-1536x1024.jpg 1536w, https:\/\/goitaly.ch\/calabriastraordinaria\/wp-content\/uploads\/2023\/07\/cultura-1.jpg 1920w\" sizes=\"(max-width: 1024px) 100vw, 1024px\" \/>\t\t\t\t\t\t\t\t<\/a>\n\t\t\t\t\t\t\t\t\t\t\t\t\t<\/div>\n\t\t\t\t<\/div>\n\t\t\t\t\t<\/div>\n\t\t<\/div>\n\t\t\t\t<div class=\"elementor-column elementor-col-33 elementor-top-column elementor-element elementor-element-df8afd3\" data-id=\"df8afd3\" data-element_type=\"column\">\n\t\t\t<div class=\"elementor-widget-wrap elementor-element-populated\">\n\t\t\t\t\t\t<div class=\"elementor-element elementor-element-f845c38 elementor-widget elementor-widget-image\" data-id=\"f845c38\" data-element_type=\"widget\" data-widget_type=\"image.default\">\n\t\t\t\t<div class=\"elementor-widget-container\">\n\t\t\t\t\t\t\t\t\t\t\t\t\t\t<a href=\"https:\/\/goitaly.ch\/calabriastraordinaria\/wp-content\/uploads\/2023\/07\/cultura-3.jpg\" data-elementor-open-lightbox=\"yes\" data-elementor-lightbox-title=\"cultura-3\" data-e-action-hash=\"#elementor-action%3Aaction%3Dlightbox%26settings%3DeyJpZCI6ODUzNSwidXJsIjoiaHR0cHM6XC9cL2dvaXRhbHkuY2hcL2NhbGFicmlhc3RyYW9yZGluYXJpYVwvd3AtY29udGVudFwvdXBsb2Fkc1wvMjAyM1wvMDdcL2N1bHR1cmEtMy5qcGcifQ%3D%3D\">\n\t\t\t\t\t\t\t<img decoding=\"async\" width=\"1024\" height=\"683\" src=\"https:\/\/goitaly.ch\/calabriastraordinaria\/wp-content\/uploads\/2023\/07\/cultura-3-1024x683.jpg\" class=\"attachment-large size-large wp-image-8535\" alt=\"Arte e cultura - Calabria Straordinaria\" srcset=\"https:\/\/goitaly.ch\/calabriastraordinaria\/wp-content\/uploads\/2023\/07\/cultura-3-1024x683.jpg 1024w, https:\/\/goitaly.ch\/calabriastraordinaria\/wp-content\/uploads\/2023\/07\/cultura-3-300x200.jpg 300w, https:\/\/goitaly.ch\/calabriastraordinaria\/wp-content\/uploads\/2023\/07\/cultura-3-768x512.jpg 768w, https:\/\/goitaly.ch\/calabriastraordinaria\/wp-content\/uploads\/2023\/07\/cultura-3-1536x1024.jpg 1536w, https:\/\/goitaly.ch\/calabriastraordinaria\/wp-content\/uploads\/2023\/07\/cultura-3.jpg 1920w\" sizes=\"(max-width: 1024px) 100vw, 1024px\" \/>\t\t\t\t\t\t\t\t<\/a>\n\t\t\t\t\t\t\t\t\t\t\t\t\t<\/div>\n\t\t\t\t<\/div>\n\t\t\t\t\t<\/div>\n\t\t<\/div>\n\t\t\t\t<div class=\"elementor-column elementor-col-33 elementor-top-column elementor-element elementor-element-7882c11\" data-id=\"7882c11\" data-element_type=\"column\">\n\t\t\t<div class=\"elementor-widget-wrap elementor-element-populated\">\n\t\t\t\t\t\t<div class=\"elementor-element elementor-element-cbb3f93 elementor-widget elementor-widget-image\" data-id=\"cbb3f93\" data-element_type=\"widget\" data-widget_type=\"image.default\">\n\t\t\t\t<div class=\"elementor-widget-container\">\n\t\t\t\t\t\t\t\t\t\t\t\t\t\t<a href=\"https:\/\/goitaly.ch\/calabriastraordinaria\/wp-content\/uploads\/2023\/07\/cultura-4.jpg\" data-elementor-open-lightbox=\"yes\" data-elementor-lightbox-title=\"cultura-4\" data-e-action-hash=\"#elementor-action%3Aaction%3Dlightbox%26settings%3DeyJpZCI6ODUzOCwidXJsIjoiaHR0cHM6XC9cL2dvaXRhbHkuY2hcL2NhbGFicmlhc3RyYW9yZGluYXJpYVwvd3AtY29udGVudFwvdXBsb2Fkc1wvMjAyM1wvMDdcL2N1bHR1cmEtNC5qcGcifQ%3D%3D\">\n\t\t\t\t\t\t\t<img loading=\"lazy\" decoding=\"async\" width=\"1024\" height=\"683\" src=\"https:\/\/goitaly.ch\/calabriastraordinaria\/wp-content\/uploads\/2023\/07\/cultura-4-1024x683.jpg\" class=\"attachment-large size-large wp-image-8538\" alt=\"Arte e cultura - Calabria Straordinaria\" srcset=\"https:\/\/goitaly.ch\/calabriastraordinaria\/wp-content\/uploads\/2023\/07\/cultura-4-1024x683.jpg 1024w, https:\/\/goitaly.ch\/calabriastraordinaria\/wp-content\/uploads\/2023\/07\/cultura-4-300x200.jpg 300w, https:\/\/goitaly.ch\/calabriastraordinaria\/wp-content\/uploads\/2023\/07\/cultura-4-768x512.jpg 768w, https:\/\/goitaly.ch\/calabriastraordinaria\/wp-content\/uploads\/2023\/07\/cultura-4-1536x1024.jpg 1536w, https:\/\/goitaly.ch\/calabriastraordinaria\/wp-content\/uploads\/2023\/07\/cultura-4.jpg 1920w\" sizes=\"(max-width: 1024px) 100vw, 1024px\" \/>\t\t\t\t\t\t\t\t<\/a>\n\t\t\t\t\t\t\t\t\t\t\t\t\t<\/div>\n\t\t\t\t<\/div>\n\t\t\t\t\t<\/div>\n\t\t<\/div>\n\t\t\t\t\t<\/div>\n\t\t<\/section>\n\t\t\t\t<\/div>\n\t\t","protected":false},"excerpt":{"rendered":"<p>Kalabrien, ein Land der Kunst und der Kultur Kalabrien, ein Land der Kunst und der Kultur Museen, arch\u00e4ologische St\u00e4tten und die \u201eBorghi pi\u00f9 belli d\u2019Italia\u201c (die sch\u00f6nsten Orte Italiens): Kalabrien &nbsp;, das Land der Kultur Kalabrien, einst das Herzst\u00fcck der Magna Graecia, ist bereit, mit geschichtstr\u00e4chtigen St\u00e4dten und Orten auch die anspruchsvollsten Besucher:innen in den [&hellip;]<\/p>\n","protected":false},"author":1,"featured_media":0,"parent":0,"menu_order":0,"comment_status":"closed","ping_status":"closed","template":"","meta":{"rank_math_lock_modified_date":false,"footnotes":""},"class_list":["post-8925","page","type-page","status-publish","hentry"],"_links":{"self":[{"href":"https:\/\/goitaly.ch\/calabriastraordinaria\/de\/wp-json\/wp\/v2\/pages\/8925","targetHints":{"allow":["GET"]}}],"collection":[{"href":"https:\/\/goitaly.ch\/calabriastraordinaria\/de\/wp-json\/wp\/v2\/pages"}],"about":[{"href":"https:\/\/goitaly.ch\/calabriastraordinaria\/de\/wp-json\/wp\/v2\/types\/page"}],"author":[{"embeddable":true,"href":"https:\/\/goitaly.ch\/calabriastraordinaria\/de\/wp-json\/wp\/v2\/users\/1"}],"replies":[{"embeddable":true,"href":"https:\/\/goitaly.ch\/calabriastraordinaria\/de\/wp-json\/wp\/v2\/comments?post=8925"}],"version-history":[{"count":7,"href":"https:\/\/goitaly.ch\/calabriastraordinaria\/de\/wp-json\/wp\/v2\/pages\/8925\/revisions"}],"predecessor-version":[{"id":8933,"href":"https:\/\/goitaly.ch\/calabriastraordinaria\/de\/wp-json\/wp\/v2\/pages\/8925\/revisions\/8933"}],"wp:attachment":[{"href":"https:\/\/goitaly.ch\/calabriastraordinaria\/de\/wp-json\/wp\/v2\/media?parent=8925"}],"curies":[{"name":"wp","href":"https:\/\/api.w.org\/{rel}","templated":true}]}}