{"id":8935,"date":"2023-07-03T09:13:52","date_gmt":"2023-07-03T09:13:52","guid":{"rendered":"https:\/\/goitaly.ch\/calabriastraordinaria\/?page_id=8935"},"modified":"2023-07-05T11:57:22","modified_gmt":"2023-07-05T11:57:22","slug":"outdoor-de-calabria-straordinaria","status":"publish","type":"page","link":"https:\/\/goitaly.ch\/calabriastraordinaria\/de\/outdoor-de-calabria-straordinaria\/","title":{"rendered":"Outdoor\u00a0\u2013 Calabria Straordinaria"},"content":{"rendered":"\t\t<div data-elementor-type=\"wp-page\" data-elementor-id=\"8935\" class=\"elementor elementor-8935 elementor-8585\" data-elementor-post-type=\"page\">\n\t\t\t\t\t\t<section class=\"elementor-section elementor-top-section elementor-element elementor-element-6f16c77 elementor-section-stretched elementor-section-boxed elementor-section-height-default elementor-section-height-default\" data-id=\"6f16c77\" data-element_type=\"section\" data-settings=\"{&quot;stretch_section&quot;:&quot;section-stretched&quot;,&quot;background_background&quot;:&quot;classic&quot;}\">\n\t\t\t\t\t\t\t<div class=\"elementor-background-overlay\"><\/div>\n\t\t\t\t\t\t\t<div class=\"elementor-container elementor-column-gap-default\">\n\t\t\t\t\t<div class=\"elementor-column elementor-col-100 elementor-top-column elementor-element elementor-element-f0dc1ec\" data-id=\"f0dc1ec\" data-element_type=\"column\">\n\t\t\t<div class=\"elementor-widget-wrap elementor-element-populated\">\n\t\t\t\t\t\t<div class=\"elementor-element elementor-element-46ae250 elementor-widget elementor-widget-heading\" data-id=\"46ae250\" data-element_type=\"widget\" data-widget_type=\"heading.default\">\n\t\t\t\t<div class=\"elementor-widget-container\">\n\t\t\t<h6 class=\"elementor-heading-title elementor-size-default\">Sport und Vergn\u00fcgen in Kalabrien<\/h6>\t\t<\/div>\n\t\t\t\t<\/div>\n\t\t\t\t\t<\/div>\n\t\t<\/div>\n\t\t\t\t\t<\/div>\n\t\t<\/section>\n\t\t\t\t<section class=\"elementor-section elementor-top-section elementor-element elementor-element-b036f09 elementor-section-stretched elementor-section-boxed elementor-section-height-default elementor-section-height-default\" data-id=\"b036f09\" data-element_type=\"section\" data-settings=\"{&quot;background_background&quot;:&quot;classic&quot;,&quot;stretch_section&quot;:&quot;section-stretched&quot;}\">\n\t\t\t\t\t\t\t<div class=\"elementor-background-overlay\"><\/div>\n\t\t\t\t\t\t\t<div class=\"elementor-container elementor-column-gap-default\">\n\t\t\t\t\t<div class=\"elementor-column elementor-col-100 elementor-top-column elementor-element elementor-element-1784920\" data-id=\"1784920\" data-element_type=\"column\">\n\t\t\t<div class=\"elementor-widget-wrap elementor-element-populated\">\n\t\t\t\t\t\t<section class=\"elementor-section elementor-inner-section elementor-element elementor-element-2be4515 elementor-section-full_width elementor-section-height-default elementor-section-height-default\" data-id=\"2be4515\" data-element_type=\"section\">\n\t\t\t\t\t\t<div class=\"elementor-container elementor-column-gap-default\">\n\t\t\t\t\t<div class=\"elementor-column elementor-col-50 elementor-inner-column elementor-element elementor-element-0ad3d17\" data-id=\"0ad3d17\" data-element_type=\"column\">\n\t\t\t<div class=\"elementor-widget-wrap elementor-element-populated\">\n\t\t\t\t\t\t<div class=\"elementor-element elementor-element-4b1dfdf elementor-widget elementor-widget-heading\" data-id=\"4b1dfdf\" data-element_type=\"widget\" data-widget_type=\"heading.default\">\n\t\t\t\t<div class=\"elementor-widget-container\">\n\t\t\t<h6 class=\"elementor-heading-title elementor-size-default\">Sport und Vergn\u00fcgen in Kalabrien<\/h6>\t\t<\/div>\n\t\t\t\t<\/div>\n\t\t\t\t<div class=\"elementor-element elementor-element-ffa8735 elementor-headline--style-highlight elementor-widget elementor-widget-animated-headline\" data-id=\"ffa8735\" data-element_type=\"widget\" data-settings=\"{&quot;marker&quot;:&quot;strikethrough&quot;,&quot;highlighted_text&quot;:&quot;Outdoorfreaks&quot;,&quot;headline_style&quot;:&quot;highlight&quot;,&quot;loop&quot;:&quot;yes&quot;,&quot;highlight_animation_duration&quot;:1200,&quot;highlight_iteration_delay&quot;:8000}\" data-widget_type=\"animated-headline.default\">\n\t\t\t\t<div class=\"elementor-widget-container\">\n\t\t\t\t\t<h1 class=\"elementor-headline\">\n\t\t\t\t\t<span class=\"elementor-headline-plain-text elementor-headline-text-wrapper\">Trekking, Klettern, Kitesurfing: Kalabrien ist DIE Region f\u00fcr <\/span>\n\t\t\t\t<span class=\"elementor-headline-dynamic-wrapper elementor-headline-text-wrapper\">\n\t\t\t\t\t<span class=\"elementor-headline-dynamic-text elementor-headline-text-active\">Outdoorfreaks<\/span>\n\t\t\t\t<\/span>\n\t\t\t\t<\/h1>\n\t\t\t\t<\/div>\n\t\t\t\t<\/div>\n\t\t\t\t<div class=\"elementor-element elementor-element-e317d20 elementor-widget elementor-widget-text-editor\" data-id=\"e317d20\" data-element_type=\"widget\" data-widget_type=\"text-editor.default\">\n\t\t\t\t<div class=\"elementor-widget-container\">\n\t\t\t\t\t\t\t<p>Kalabrien hat den l\u00e4ngsten K\u00fcstenabschnitt des italienischen Festlandes und zahlreiche Gr\u00fcnzonen. Die Region ist auch die einzige mit <strong>drei Nationalparks (Pollino, Sila und Aspromonte)<\/strong> und bietet eine Vielzahl an Sportarten und Freizeitaktivit\u00e4ten, die es erm\u00f6glichen, die Natur in vollen Z\u00fcgen zu geniessen.<\/p>\t\t\t\t\t\t<\/div>\n\t\t\t\t<\/div>\n\t\t\t\t\t<\/div>\n\t\t<\/div>\n\t\t\t\t<div class=\"elementor-column elementor-col-50 elementor-inner-column elementor-element elementor-element-9c66313\" data-id=\"9c66313\" data-element_type=\"column\">\n\t\t\t<div class=\"elementor-widget-wrap elementor-element-populated\">\n\t\t\t\t\t\t<div class=\"elementor-element elementor-element-8f58dd4 elementor-widget elementor-widget-image\" data-id=\"8f58dd4\" data-element_type=\"widget\" data-widget_type=\"image.default\">\n\t\t\t\t<div class=\"elementor-widget-container\">\n\t\t\t\t\t\t\t\t\t\t\t\t\t\t<a href=\"https:\/\/goitaly.ch\/calabriastraordinaria\/wp-content\/uploads\/2023\/07\/outdoor-5.jpg\" data-elementor-open-lightbox=\"yes\" data-elementor-lightbox-title=\"outdoor-5\" data-e-action-hash=\"#elementor-action%3Aaction%3Dlightbox%26settings%3DeyJpZCI6ODU1OSwidXJsIjoiaHR0cHM6XC9cL2dvaXRhbHkuY2hcL2NhbGFicmlhc3RyYW9yZGluYXJpYVwvd3AtY29udGVudFwvdXBsb2Fkc1wvMjAyM1wvMDdcL291dGRvb3ItNS5qcGcifQ%3D%3D\">\n\t\t\t\t\t\t\t<img fetchpriority=\"high\" decoding=\"async\" width=\"1920\" height=\"1280\" src=\"https:\/\/goitaly.ch\/calabriastraordinaria\/wp-content\/uploads\/2023\/07\/outdoor-5.jpg\" class=\"attachment-full size-full wp-image-8559\" alt=\"outdoor - Calabria Straordinaria\" srcset=\"https:\/\/goitaly.ch\/calabriastraordinaria\/wp-content\/uploads\/2023\/07\/outdoor-5.jpg 1920w, https:\/\/goitaly.ch\/calabriastraordinaria\/wp-content\/uploads\/2023\/07\/outdoor-5-300x200.jpg 300w, https:\/\/goitaly.ch\/calabriastraordinaria\/wp-content\/uploads\/2023\/07\/outdoor-5-1024x683.jpg 1024w, https:\/\/goitaly.ch\/calabriastraordinaria\/wp-content\/uploads\/2023\/07\/outdoor-5-768x512.jpg 768w, https:\/\/goitaly.ch\/calabriastraordinaria\/wp-content\/uploads\/2023\/07\/outdoor-5-1536x1024.jpg 1536w\" sizes=\"(max-width: 1920px) 100vw, 1920px\" \/>\t\t\t\t\t\t\t\t<\/a>\n\t\t\t\t\t\t\t\t\t\t\t\t\t<\/div>\n\t\t\t\t<\/div>\n\t\t\t\t\t<\/div>\n\t\t<\/div>\n\t\t\t\t\t<\/div>\n\t\t<\/section>\n\t\t\t\t\t<\/div>\n\t\t<\/div>\n\t\t\t\t\t<\/div>\n\t\t<\/section>\n\t\t\t\t<section class=\"elementor-section elementor-top-section elementor-element elementor-element-dcfdba7 elementor-section-boxed elementor-section-height-default elementor-section-height-default\" data-id=\"dcfdba7\" data-element_type=\"section\">\n\t\t\t\t\t\t<div class=\"elementor-container elementor-column-gap-default\">\n\t\t\t\t\t<div class=\"elementor-column elementor-col-100 elementor-top-column elementor-element elementor-element-18510e9\" data-id=\"18510e9\" data-element_type=\"column\">\n\t\t\t<div class=\"elementor-widget-wrap elementor-element-populated\">\n\t\t\t\t\t\t<div class=\"elementor-element elementor-element-0061bde elementor-widget elementor-widget-text-editor\" data-id=\"0061bde\" data-element_type=\"widget\" data-widget_type=\"text-editor.default\">\n\t\t\t\t<div class=\"elementor-widget-container\">\n\t\t\t\t\t\t\t<p>Einige Beispiele gef\u00e4llig? Stellt euch vor, stundenlang der K\u00fcste entlang zu wandern, hoch oben auf den Felsen, oder die Klippen hochzuklettern und dabei die Wellen zu beobachten, die in der N\u00e4hen an den Felsen brechen. Kalabrien macht das m\u00f6glich &#8211; und noch viel mehr.<\/p>\t\t\t\t\t\t<\/div>\n\t\t\t\t<\/div>\n\t\t\t\t<div class=\"elementor-element elementor-element-9dccade elementor-widget elementor-widget-text-editor\" data-id=\"9dccade\" data-element_type=\"widget\" data-widget_type=\"text-editor.default\">\n\t\t\t\t<div class=\"elementor-widget-container\">\n\t\t\t\t\t\t\t<p>Hier k\u00f6nnen sich Familien mit Kindern, junge Paare oder Freundeskreise ihre bevorzugte Freizeitaktivit\u00e4t aussuchen. Alle werden auf ihre Kosten kommen. Von Luftsportarten wie Gleitschirmfliegen oder Heissluftballon, bis zu den Bergsportarten: Sowohl im Winter, wo man mit Blick auf das Meer Skifahren kann, als auch im Sommer beim Klettern oder Mountainbiken ist f\u00fcr alle etwas dabei.<\/p>\t\t\t\t\t\t<\/div>\n\t\t\t\t<\/div>\n\t\t\t\t<div class=\"elementor-element elementor-element-ad99d30 elementor-widget elementor-widget-text-editor\" data-id=\"ad99d30\" data-element_type=\"widget\" data-widget_type=\"text-editor.default\">\n\t\t\t\t<div class=\"elementor-widget-container\">\n\t\t\t\t\t\t\t<p>Dabei darf man nat\u00fcrlich die Wassersportarten nicht vergessen: Das Meer l\u00e4dt zum Schwimmen, Kanufahren, Raften oder Kitesurfen ein. Aber auch all diejenige, die auf der Suche nach Ruhe und Entspannung sind, sind hier richtig: vom Reiten \u00fcber das Spazierengehen auf sanften H\u00fcgeln bis hin zum Birdwatching. Kalabrien kann, und bietet, einfach alles.<\/p>\t\t\t\t\t\t<\/div>\n\t\t\t\t<\/div>\n\t\t\t\t\t<\/div>\n\t\t<\/div>\n\t\t\t\t\t<\/div>\n\t\t<\/section>\n\t\t\t\t<section class=\"elementor-section elementor-top-section elementor-element elementor-element-4218b3e elementor-section-boxed elementor-section-height-default elementor-section-height-default\" data-id=\"4218b3e\" data-element_type=\"section\">\n\t\t\t\t\t\t<div class=\"elementor-container elementor-column-gap-default\">\n\t\t\t\t\t<div class=\"elementor-column elementor-col-33 elementor-top-column elementor-element elementor-element-4a2a89c\" data-id=\"4a2a89c\" data-element_type=\"column\">\n\t\t\t<div class=\"elementor-widget-wrap elementor-element-populated\">\n\t\t\t\t\t\t<div class=\"elementor-element elementor-element-0243ce0 elementor-widget elementor-widget-image\" data-id=\"0243ce0\" data-element_type=\"widget\" data-widget_type=\"image.default\">\n\t\t\t\t<div class=\"elementor-widget-container\">\n\t\t\t\t\t\t\t\t\t\t\t\t\t\t<a href=\"https:\/\/goitaly.ch\/calabriastraordinaria\/wp-content\/uploads\/2023\/07\/outdoor-3.jpg\" data-elementor-open-lightbox=\"yes\" data-elementor-lightbox-title=\"outdoor-3\" data-e-action-hash=\"#elementor-action%3Aaction%3Dlightbox%26settings%3DeyJpZCI6ODU5MiwidXJsIjoiaHR0cHM6XC9cL2dvaXRhbHkuY2hcL2NhbGFicmlhc3RyYW9yZGluYXJpYVwvd3AtY29udGVudFwvdXBsb2Fkc1wvMjAyM1wvMDdcL291dGRvb3ItMy5qcGcifQ%3D%3D\">\n\t\t\t\t\t\t\t<img decoding=\"async\" width=\"1024\" height=\"683\" src=\"https:\/\/goitaly.ch\/calabriastraordinaria\/wp-content\/uploads\/2023\/07\/outdoor-3-1024x683.jpg\" class=\"attachment-large size-large wp-image-8592\" alt=\"outdoor - Calabria Straordinaria\" srcset=\"https:\/\/goitaly.ch\/calabriastraordinaria\/wp-content\/uploads\/2023\/07\/outdoor-3-1024x683.jpg 1024w, https:\/\/goitaly.ch\/calabriastraordinaria\/wp-content\/uploads\/2023\/07\/outdoor-3-300x200.jpg 300w, https:\/\/goitaly.ch\/calabriastraordinaria\/wp-content\/uploads\/2023\/07\/outdoor-3-768x512.jpg 768w, https:\/\/goitaly.ch\/calabriastraordinaria\/wp-content\/uploads\/2023\/07\/outdoor-3-1536x1024.jpg 1536w, https:\/\/goitaly.ch\/calabriastraordinaria\/wp-content\/uploads\/2023\/07\/outdoor-3.jpg 1920w\" sizes=\"(max-width: 1024px) 100vw, 1024px\" \/>\t\t\t\t\t\t\t\t<\/a>\n\t\t\t\t\t\t\t\t\t\t\t\t\t<\/div>\n\t\t\t\t<\/div>\n\t\t\t\t\t<\/div>\n\t\t<\/div>\n\t\t\t\t<div class=\"elementor-column elementor-col-33 elementor-top-column elementor-element elementor-element-d1357a9\" data-id=\"d1357a9\" data-element_type=\"column\">\n\t\t\t<div class=\"elementor-widget-wrap elementor-element-populated\">\n\t\t\t\t\t\t<div class=\"elementor-element elementor-element-cbc61d6 elementor-widget elementor-widget-image\" data-id=\"cbc61d6\" data-element_type=\"widget\" data-widget_type=\"image.default\">\n\t\t\t\t<div class=\"elementor-widget-container\">\n\t\t\t\t\t\t\t\t\t\t\t\t\t\t<a href=\"https:\/\/goitaly.ch\/calabriastraordinaria\/wp-content\/uploads\/2023\/07\/outdoor-4.jpg\" data-elementor-open-lightbox=\"yes\" data-elementor-lightbox-title=\"outdoor-4\" data-e-action-hash=\"#elementor-action%3Aaction%3Dlightbox%26settings%3DeyJpZCI6ODU1MywidXJsIjoiaHR0cHM6XC9cL2dvaXRhbHkuY2hcL2NhbGFicmlhc3RyYW9yZGluYXJpYVwvd3AtY29udGVudFwvdXBsb2Fkc1wvMjAyM1wvMDdcL291dGRvb3ItNC5qcGcifQ%3D%3D\">\n\t\t\t\t\t\t\t<img decoding=\"async\" width=\"1024\" height=\"682\" src=\"https:\/\/goitaly.ch\/calabriastraordinaria\/wp-content\/uploads\/2023\/07\/outdoor-4-1024x682.jpg\" class=\"attachment-large size-large wp-image-8553\" alt=\"outdoor - Calabria Straordinaria\" srcset=\"https:\/\/goitaly.ch\/calabriastraordinaria\/wp-content\/uploads\/2023\/07\/outdoor-4-1024x682.jpg 1024w, https:\/\/goitaly.ch\/calabriastraordinaria\/wp-content\/uploads\/2023\/07\/outdoor-4-300x200.jpg 300w, https:\/\/goitaly.ch\/calabriastraordinaria\/wp-content\/uploads\/2023\/07\/outdoor-4-768x512.jpg 768w, https:\/\/goitaly.ch\/calabriastraordinaria\/wp-content\/uploads\/2023\/07\/outdoor-4.jpg 1400w\" sizes=\"(max-width: 1024px) 100vw, 1024px\" \/>\t\t\t\t\t\t\t\t<\/a>\n\t\t\t\t\t\t\t\t\t\t\t\t\t<\/div>\n\t\t\t\t<\/div>\n\t\t\t\t\t<\/div>\n\t\t<\/div>\n\t\t\t\t<div class=\"elementor-column elementor-col-33 elementor-top-column elementor-element elementor-element-59924fd\" data-id=\"59924fd\" data-element_type=\"column\">\n\t\t\t<div class=\"elementor-widget-wrap elementor-element-populated\">\n\t\t\t\t\t\t<div class=\"elementor-element elementor-element-39fb988 elementor-widget elementor-widget-image\" data-id=\"39fb988\" data-element_type=\"widget\" data-widget_type=\"image.default\">\n\t\t\t\t<div class=\"elementor-widget-container\">\n\t\t\t\t\t\t\t\t\t\t\t\t\t\t<a href=\"https:\/\/goitaly.ch\/calabriastraordinaria\/wp-content\/uploads\/2023\/06\/outdoor1.jpg\" data-elementor-open-lightbox=\"yes\" data-elementor-lightbox-title=\"outdoor1\" data-e-action-hash=\"#elementor-action%3Aaction%3Dlightbox%26settings%3DeyJpZCI6Nzk2MCwidXJsIjoiaHR0cHM6XC9cL2dvaXRhbHkuY2hcL2NhbGFicmlhc3RyYW9yZGluYXJpYVwvd3AtY29udGVudFwvdXBsb2Fkc1wvMjAyM1wvMDZcL291dGRvb3IxLmpwZyJ9\">\n\t\t\t\t\t\t\t<img loading=\"lazy\" decoding=\"async\" width=\"1024\" height=\"682\" src=\"https:\/\/goitaly.ch\/calabriastraordinaria\/wp-content\/uploads\/2023\/06\/outdoor1-1024x682.jpg\" class=\"attachment-large size-large wp-image-7960\" alt=\"outdoor Calabria Straordinaria\" srcset=\"https:\/\/goitaly.ch\/calabriastraordinaria\/wp-content\/uploads\/2023\/06\/outdoor1-1024x682.jpg 1024w, https:\/\/goitaly.ch\/calabriastraordinaria\/wp-content\/uploads\/2023\/06\/outdoor1-300x200.jpg 300w, https:\/\/goitaly.ch\/calabriastraordinaria\/wp-content\/uploads\/2023\/06\/outdoor1-768x512.jpg 768w, https:\/\/goitaly.ch\/calabriastraordinaria\/wp-content\/uploads\/2023\/06\/outdoor1.jpg 1400w\" sizes=\"(max-width: 1024px) 100vw, 1024px\" \/>\t\t\t\t\t\t\t\t<\/a>\n\t\t\t\t\t\t\t\t\t\t\t\t\t<\/div>\n\t\t\t\t<\/div>\n\t\t\t\t\t<\/div>\n\t\t<\/div>\n\t\t\t\t\t<\/div>\n\t\t<\/section>\n\t\t\t\t<\/div>\n\t\t","protected":false},"excerpt":{"rendered":"<p>Sport und Vergn\u00fcgen in Kalabrien Sport und Vergn\u00fcgen in Kalabrien Trekking, Klettern, Kitesurfing: Kalabrien ist DIE Region f\u00fcr Outdoorfreaks Kalabrien hat den l\u00e4ngsten K\u00fcstenabschnitt des italienischen Festlandes und zahlreiche Gr\u00fcnzonen. Die Region ist auch die einzige mit drei Nationalparks (Pollino, Sila und Aspromonte) und bietet eine Vielzahl an Sportarten und Freizeitaktivit\u00e4ten, die es erm\u00f6glichen, die [&hellip;]<\/p>\n","protected":false},"author":1,"featured_media":0,"parent":0,"menu_order":0,"comment_status":"closed","ping_status":"closed","template":"","meta":{"rank_math_lock_modified_date":false,"footnotes":""},"class_list":["post-8935","page","type-page","status-publish","hentry"],"_links":{"self":[{"href":"https:\/\/goitaly.ch\/calabriastraordinaria\/de\/wp-json\/wp\/v2\/pages\/8935","targetHints":{"allow":["GET"]}}],"collection":[{"href":"https:\/\/goitaly.ch\/calabriastraordinaria\/de\/wp-json\/wp\/v2\/pages"}],"about":[{"href":"https:\/\/goitaly.ch\/calabriastraordinaria\/de\/wp-json\/wp\/v2\/types\/page"}],"author":[{"embeddable":true,"href":"https:\/\/goitaly.ch\/calabriastraordinaria\/de\/wp-json\/wp\/v2\/users\/1"}],"replies":[{"embeddable":true,"href":"https:\/\/goitaly.ch\/calabriastraordinaria\/de\/wp-json\/wp\/v2\/comments?post=8935"}],"version-history":[{"count":4,"href":"https:\/\/goitaly.ch\/calabriastraordinaria\/de\/wp-json\/wp\/v2\/pages\/8935\/revisions"}],"predecessor-version":[{"id":8939,"href":"https:\/\/goitaly.ch\/calabriastraordinaria\/de\/wp-json\/wp\/v2\/pages\/8935\/revisions\/8939"}],"wp:attachment":[{"href":"https:\/\/goitaly.ch\/calabriastraordinaria\/de\/wp-json\/wp\/v2\/media?parent=8935"}],"curies":[{"name":"wp","href":"https:\/\/api.w.org\/{rel}","templated":true}]}}