{"id":9040,"date":"2023-07-03T07:51:52","date_gmt":"2023-07-03T07:51:52","guid":{"rendered":"https:\/\/goitaly.ch\/calabriastraordinaria\/?page_id=9040"},"modified":"2023-07-05T15:21:08","modified_gmt":"2023-07-05T15:21:08","slug":"oenogastronomie-calabria-straordinaria","status":"publish","type":"page","link":"https:\/\/goitaly.ch\/calabriastraordinaria\/fr\/oenogastronomie-calabria-straordinaria\/","title":{"rendered":"Oenogastronomie &#8211; Calabria Straordinaria"},"content":{"rendered":"\t\t<div data-elementor-type=\"wp-page\" data-elementor-id=\"9040\" class=\"elementor elementor-9040 elementor-8491\" data-elementor-post-type=\"page\">\n\t\t\t\t\t\t<section class=\"elementor-section elementor-top-section elementor-element elementor-element-daa9a0d elementor-section-stretched elementor-section-boxed elementor-section-height-default elementor-section-height-default\" data-id=\"daa9a0d\" data-element_type=\"section\" data-settings=\"{&quot;stretch_section&quot;:&quot;section-stretched&quot;,&quot;background_background&quot;:&quot;classic&quot;}\">\n\t\t\t\t\t\t\t<div class=\"elementor-background-overlay\"><\/div>\n\t\t\t\t\t\t\t<div class=\"elementor-container elementor-column-gap-default\">\n\t\t\t\t\t<div class=\"elementor-column elementor-col-100 elementor-top-column elementor-element elementor-element-4f9d894\" data-id=\"4f9d894\" data-element_type=\"column\">\n\t\t\t<div class=\"elementor-widget-wrap elementor-element-populated\">\n\t\t\t\t\t\t<div class=\"elementor-element elementor-element-ea50825 elementor-widget elementor-widget-heading\" data-id=\"ea50825\" data-element_type=\"widget\" data-widget_type=\"heading.default\">\n\t\t\t\t<div class=\"elementor-widget-container\">\n\t\t\t<h6 class=\"elementor-heading-title elementor-size-default\">Saveurs de Calabre<\/h6>\t\t<\/div>\n\t\t\t\t<\/div>\n\t\t\t\t\t<\/div>\n\t\t<\/div>\n\t\t\t\t\t<\/div>\n\t\t<\/section>\n\t\t\t\t<section class=\"elementor-section elementor-top-section elementor-element elementor-element-3058f93 elementor-section-stretched elementor-section-boxed elementor-section-height-default elementor-section-height-default\" data-id=\"3058f93\" data-element_type=\"section\" data-settings=\"{&quot;background_background&quot;:&quot;classic&quot;,&quot;stretch_section&quot;:&quot;section-stretched&quot;}\">\n\t\t\t\t\t\t\t<div class=\"elementor-background-overlay\"><\/div>\n\t\t\t\t\t\t\t<div class=\"elementor-container elementor-column-gap-default\">\n\t\t\t\t\t<div class=\"elementor-column elementor-col-100 elementor-top-column elementor-element elementor-element-256a615\" data-id=\"256a615\" data-element_type=\"column\">\n\t\t\t<div class=\"elementor-widget-wrap elementor-element-populated\">\n\t\t\t\t\t\t<section class=\"elementor-section elementor-inner-section elementor-element elementor-element-8c821c2 elementor-section-full_width elementor-section-height-default elementor-section-height-default\" data-id=\"8c821c2\" data-element_type=\"section\">\n\t\t\t\t\t\t<div class=\"elementor-container elementor-column-gap-default\">\n\t\t\t\t\t<div class=\"elementor-column elementor-col-50 elementor-inner-column elementor-element elementor-element-156088e\" data-id=\"156088e\" data-element_type=\"column\">\n\t\t\t<div class=\"elementor-widget-wrap elementor-element-populated\">\n\t\t\t\t\t\t<div class=\"elementor-element elementor-element-7fa30d8 elementor-widget elementor-widget-heading\" data-id=\"7fa30d8\" data-element_type=\"widget\" data-widget_type=\"heading.default\">\n\t\t\t\t<div class=\"elementor-widget-container\">\n\t\t\t<h6 class=\"elementor-heading-title elementor-size-default\">Saveurs de Calabre<\/h6>\t\t<\/div>\n\t\t\t\t<\/div>\n\t\t\t\t<div class=\"elementor-element elementor-element-f440617 elementor-headline--style-highlight elementor-widget elementor-widget-animated-headline\" data-id=\"f440617\" data-element_type=\"widget\" data-settings=\"{&quot;marker&quot;:&quot;strikethrough&quot;,&quot;highlighted_text&quot;:&quot;des saveurs calabraises&quot;,&quot;headline_style&quot;:&quot;highlight&quot;,&quot;loop&quot;:&quot;yes&quot;,&quot;highlight_animation_duration&quot;:1200,&quot;highlight_iteration_delay&quot;:8000}\" data-widget_type=\"animated-headline.default\">\n\t\t\t\t<div class=\"elementor-widget-container\">\n\t\t\t\t\t<h1 class=\"elementor-headline\">\n\t\t\t\t\t<span class=\"elementor-headline-plain-text elementor-headline-text-wrapper\">Produits typiques et cuisine authentique :<\/span>\n\t\t\t\t<span class=\"elementor-headline-dynamic-wrapper elementor-headline-text-wrapper\">\n\t\t\t\t\t<span class=\"elementor-headline-dynamic-text elementor-headline-text-active\">des saveurs calabraises<\/span>\n\t\t\t\t<\/span>\n\t\t\t\t\t<span class=\"elementor-headline-plain-text elementor-headline-text-wrapper\"> &nbsp;qui conqui\u00e8rent<\/span>\n\t\t\t\t\t<\/h1>\n\t\t\t\t<\/div>\n\t\t\t\t<\/div>\n\t\t\t\t<div class=\"elementor-element elementor-element-f544ff6 elementor-widget elementor-widget-text-editor\" data-id=\"f544ff6\" data-element_type=\"widget\" data-widget_type=\"text-editor.default\">\n\t\t\t\t<div class=\"elementor-widget-container\">\n\t\t\t\t\t\t\t<p>La Calabre conquiert et le fait en vous prenant par la gorge. Si vous avez certainement entendu parler de la <strong>&lsquo;nduja<\/strong> (et peut-\u00eatre m\u00eame vous l\u2019avez d\u00e9j\u00e0 go\u00fbt\u00e9e), vous ne connaissez probablement pas les fromages et les plats typiques de la Calabre.<\/p>\t\t\t\t\t\t<\/div>\n\t\t\t\t<\/div>\n\t\t\t\t\t<\/div>\n\t\t<\/div>\n\t\t\t\t<div class=\"elementor-column elementor-col-50 elementor-inner-column elementor-element elementor-element-8a34528\" data-id=\"8a34528\" data-element_type=\"column\">\n\t\t\t<div class=\"elementor-widget-wrap elementor-element-populated\">\n\t\t\t\t\t\t<div class=\"elementor-element elementor-element-49d5a75 elementor-widget elementor-widget-image\" data-id=\"49d5a75\" data-element_type=\"widget\" data-widget_type=\"image.default\">\n\t\t\t\t<div class=\"elementor-widget-container\">\n\t\t\t\t\t\t\t\t\t\t\t\t\t\t<a href=\"https:\/\/goitaly.ch\/calabriastraordinaria\/wp-content\/uploads\/2023\/06\/enogastromina-calabrese-1.jpg\" data-elementor-open-lightbox=\"yes\" data-elementor-lightbox-title=\"enogastromina-calabrese-1\" data-e-action-hash=\"#elementor-action%3Aaction%3Dlightbox%26settings%3DeyJpZCI6ODE5MSwidXJsIjoiaHR0cHM6XC9cL2dvaXRhbHkuY2hcL2NhbGFicmlhc3RyYW9yZGluYXJpYVwvd3AtY29udGVudFwvdXBsb2Fkc1wvMjAyM1wvMDZcL2Vub2dhc3Ryb21pbmEtY2FsYWJyZXNlLTEuanBnIn0%3D\">\n\t\t\t\t\t\t\t<img fetchpriority=\"high\" decoding=\"async\" width=\"1920\" height=\"1280\" src=\"https:\/\/goitaly.ch\/calabriastraordinaria\/wp-content\/uploads\/2023\/06\/enogastromina-calabrese-1.jpg\" class=\"attachment-full size-full wp-image-8191\" alt=\"enogastromia Calabria Straordinaria\" srcset=\"https:\/\/goitaly.ch\/calabriastraordinaria\/wp-content\/uploads\/2023\/06\/enogastromina-calabrese-1.jpg 1920w, https:\/\/goitaly.ch\/calabriastraordinaria\/wp-content\/uploads\/2023\/06\/enogastromina-calabrese-1-300x200.jpg 300w, https:\/\/goitaly.ch\/calabriastraordinaria\/wp-content\/uploads\/2023\/06\/enogastromina-calabrese-1-1024x683.jpg 1024w, https:\/\/goitaly.ch\/calabriastraordinaria\/wp-content\/uploads\/2023\/06\/enogastromina-calabrese-1-768x512.jpg 768w, https:\/\/goitaly.ch\/calabriastraordinaria\/wp-content\/uploads\/2023\/06\/enogastromina-calabrese-1-1536x1024.jpg 1536w\" sizes=\"(max-width: 1920px) 100vw, 1920px\" \/>\t\t\t\t\t\t\t\t<\/a>\n\t\t\t\t\t\t\t\t\t\t\t\t\t<\/div>\n\t\t\t\t<\/div>\n\t\t\t\t\t<\/div>\n\t\t<\/div>\n\t\t\t\t\t<\/div>\n\t\t<\/section>\n\t\t\t\t\t<\/div>\n\t\t<\/div>\n\t\t\t\t\t<\/div>\n\t\t<\/section>\n\t\t\t\t<section class=\"elementor-section elementor-top-section elementor-element elementor-element-09db260 elementor-section-boxed elementor-section-height-default elementor-section-height-default\" data-id=\"09db260\" data-element_type=\"section\">\n\t\t\t\t\t\t<div class=\"elementor-container elementor-column-gap-default\">\n\t\t\t\t\t<div class=\"elementor-column elementor-col-100 elementor-top-column elementor-element elementor-element-8c9bb78\" data-id=\"8c9bb78\" data-element_type=\"column\">\n\t\t\t<div class=\"elementor-widget-wrap elementor-element-populated\">\n\t\t\t\t\t\t<div class=\"elementor-element elementor-element-961ce41 elementor-widget elementor-widget-text-editor\" data-id=\"961ce41\" data-element_type=\"widget\" data-widget_type=\"text-editor.default\">\n\t\t\t\t<div class=\"elementor-widget-container\">\n\t\t\t\t\t\t\t<p>Des plats authentiques, riches (en saveurs et en couleurs), qui transmettent les valeurs de la terre d&rsquo;o\u00f9 ils viennent et des gens qui les pr\u00e9parent. Famille, hospitalit\u00e9, abondance : \u00e0 chaque bouch\u00e9e, on per\u00e7oit le sens de ces mots.\u00a0Pietanze genuine, ricche (di sapori e colori) che raccontano la terra da cui nascono e la gente che li prepara. Famiglia, ospitalit\u00e0, abbondanza: ad ogni boccone potrete percepire il significato di queste parole.<\/p>\t\t\t\t\t\t<\/div>\n\t\t\t\t<\/div>\n\t\t\t\t<div class=\"elementor-element elementor-element-4c50b38 elementor-widget elementor-widget-text-editor\" data-id=\"4c50b38\" data-element_type=\"widget\" data-widget_type=\"text-editor.default\">\n\t\t\t\t<div class=\"elementor-widget-container\">\n\t\t\t\t\t\t\t<p>Mais il n&rsquo;y a pas que la tradition : la cuisine calabraise est \u00e9galement innovante et met en avant la cr\u00e9ativit\u00e9 et l&rsquo;exp\u00e9rimentation dans ses plats. Il existe 7 restaurants \u00e9toil\u00e9s en Calabre, dans lesquels de jeunes chefs, h\u00e9ritiers de la meilleure tradition calabraise, parviennent \u00e0 combiner les meilleures mati\u00e8res premi\u00e8res avec la connaissance et l&rsquo;\u00e9tude, en cr\u00e9ant de v\u00e9ritables plats verticaux \u00e0 d\u00e9guster devant des panoramas \u00e9poustouflants, accompagn\u00e9s d&rsquo;excellents vins autochtones.<\/p>\t\t\t\t\t\t<\/div>\n\t\t\t\t<\/div>\n\t\t\t\t<div class=\"elementor-element elementor-element-3bef996 elementor-widget elementor-widget-text-editor\" data-id=\"3bef996\" data-element_type=\"widget\" data-widget_type=\"text-editor.default\">\n\t\t\t\t<div class=\"elementor-widget-container\">\n\t\t\t\t\t\t\t<p>En effet, la Calabre ne parle pas seulement la langue de la bonne cuisine, elle murmure au c\u0153ur et aux cinq sens, assaisonnant chaque plat typique avec amour et joie de vivre, pour garantir aux visiteurs qui la choisissent une <strong>exp\u00e9rience \u0153nogastronomique sign\u00e9e<\/strong> <em>\u00ab\u00a0<\/em><strong>Made in Italy<\/strong><em>\u00ab\u00a0<\/em>.<\/p><p>.<\/p>\t\t\t\t\t\t<\/div>\n\t\t\t\t<\/div>\n\t\t\t\t\t<\/div>\n\t\t<\/div>\n\t\t\t\t\t<\/div>\n\t\t<\/section>\n\t\t\t\t<section class=\"elementor-section elementor-top-section elementor-element elementor-element-d081bf7 elementor-section-boxed elementor-section-height-default elementor-section-height-default\" data-id=\"d081bf7\" data-element_type=\"section\">\n\t\t\t\t\t\t<div class=\"elementor-container elementor-column-gap-default\">\n\t\t\t\t\t<div class=\"elementor-column elementor-col-33 elementor-top-column elementor-element elementor-element-4019f36\" data-id=\"4019f36\" data-element_type=\"column\">\n\t\t\t<div class=\"elementor-widget-wrap elementor-element-populated\">\n\t\t\t\t\t\t<div class=\"elementor-element elementor-element-ca49b84 elementor-widget elementor-widget-image\" data-id=\"ca49b84\" data-element_type=\"widget\" data-widget_type=\"image.default\">\n\t\t\t\t<div class=\"elementor-widget-container\">\n\t\t\t\t\t\t\t\t\t\t\t\t\t\t<a href=\"https:\/\/goitaly.ch\/calabriastraordinaria\/wp-content\/uploads\/2023\/06\/enogastromina-calabrese-2.jpg\" data-elementor-open-lightbox=\"yes\" data-elementor-lightbox-title=\"enogastromina-calabrese-2\" data-e-action-hash=\"#elementor-action%3Aaction%3Dlightbox%26settings%3DeyJpZCI6ODE5NywidXJsIjoiaHR0cHM6XC9cL2dvaXRhbHkuY2hcL2NhbGFicmlhc3RyYW9yZGluYXJpYVwvd3AtY29udGVudFwvdXBsb2Fkc1wvMjAyM1wvMDZcL2Vub2dhc3Ryb21pbmEtY2FsYWJyZXNlLTIuanBnIn0%3D\">\n\t\t\t\t\t\t\t<img decoding=\"async\" width=\"1024\" height=\"683\" src=\"https:\/\/goitaly.ch\/calabriastraordinaria\/wp-content\/uploads\/2023\/06\/enogastromina-calabrese-2-1024x683.jpg\" class=\"attachment-large size-large wp-image-8197\" alt=\"enogastromia Calabria Straordinaria\" srcset=\"https:\/\/goitaly.ch\/calabriastraordinaria\/wp-content\/uploads\/2023\/06\/enogastromina-calabrese-2-1024x683.jpg 1024w, https:\/\/goitaly.ch\/calabriastraordinaria\/wp-content\/uploads\/2023\/06\/enogastromina-calabrese-2-300x200.jpg 300w, https:\/\/goitaly.ch\/calabriastraordinaria\/wp-content\/uploads\/2023\/06\/enogastromina-calabrese-2-768x512.jpg 768w, https:\/\/goitaly.ch\/calabriastraordinaria\/wp-content\/uploads\/2023\/06\/enogastromina-calabrese-2-1536x1024.jpg 1536w, https:\/\/goitaly.ch\/calabriastraordinaria\/wp-content\/uploads\/2023\/06\/enogastromina-calabrese-2.jpg 1920w\" sizes=\"(max-width: 1024px) 100vw, 1024px\" \/>\t\t\t\t\t\t\t\t<\/a>\n\t\t\t\t\t\t\t\t\t\t\t\t\t<\/div>\n\t\t\t\t<\/div>\n\t\t\t\t\t<\/div>\n\t\t<\/div>\n\t\t\t\t<div class=\"elementor-column elementor-col-33 elementor-top-column elementor-element elementor-element-638f95b\" data-id=\"638f95b\" data-element_type=\"column\">\n\t\t\t<div class=\"elementor-widget-wrap elementor-element-populated\">\n\t\t\t\t\t\t<div class=\"elementor-element elementor-element-363b155 elementor-widget elementor-widget-image\" data-id=\"363b155\" data-element_type=\"widget\" data-widget_type=\"image.default\">\n\t\t\t\t<div class=\"elementor-widget-container\">\n\t\t\t\t\t\t\t\t\t\t\t\t\t\t<a href=\"https:\/\/goitaly.ch\/calabriastraordinaria\/wp-content\/uploads\/2023\/07\/enogastromina-calabrese-3.jpg\" data-elementor-open-lightbox=\"yes\" data-elementor-lightbox-title=\"enogastromina-calabrese-3\" data-e-action-hash=\"#elementor-action%3Aaction%3Dlightbox%26settings%3DeyJpZCI6ODQ5OCwidXJsIjoiaHR0cHM6XC9cL2dvaXRhbHkuY2hcL2NhbGFicmlhc3RyYW9yZGluYXJpYVwvd3AtY29udGVudFwvdXBsb2Fkc1wvMjAyM1wvMDdcL2Vub2dhc3Ryb21pbmEtY2FsYWJyZXNlLTMuanBnIn0%3D\">\n\t\t\t\t\t\t\t<img decoding=\"async\" width=\"1024\" height=\"683\" src=\"https:\/\/goitaly.ch\/calabriastraordinaria\/wp-content\/uploads\/2023\/07\/enogastromina-calabrese-3-1024x683.jpg\" class=\"attachment-large size-large wp-image-8498\" alt=\"enogastronomia Calabria Straordinaria\" srcset=\"https:\/\/goitaly.ch\/calabriastraordinaria\/wp-content\/uploads\/2023\/07\/enogastromina-calabrese-3-1024x683.jpg 1024w, https:\/\/goitaly.ch\/calabriastraordinaria\/wp-content\/uploads\/2023\/07\/enogastromina-calabrese-3-300x200.jpg 300w, https:\/\/goitaly.ch\/calabriastraordinaria\/wp-content\/uploads\/2023\/07\/enogastromina-calabrese-3-768x512.jpg 768w, https:\/\/goitaly.ch\/calabriastraordinaria\/wp-content\/uploads\/2023\/07\/enogastromina-calabrese-3-1536x1024.jpg 1536w, https:\/\/goitaly.ch\/calabriastraordinaria\/wp-content\/uploads\/2023\/07\/enogastromina-calabrese-3.jpg 1920w\" sizes=\"(max-width: 1024px) 100vw, 1024px\" \/>\t\t\t\t\t\t\t\t<\/a>\n\t\t\t\t\t\t\t\t\t\t\t\t\t<\/div>\n\t\t\t\t<\/div>\n\t\t\t\t\t<\/div>\n\t\t<\/div>\n\t\t\t\t<div class=\"elementor-column elementor-col-33 elementor-top-column elementor-element elementor-element-04070ce\" data-id=\"04070ce\" data-element_type=\"column\">\n\t\t\t<div class=\"elementor-widget-wrap elementor-element-populated\">\n\t\t\t\t\t\t<div class=\"elementor-element elementor-element-1c0a18e elementor-widget elementor-widget-image\" data-id=\"1c0a18e\" data-element_type=\"widget\" data-widget_type=\"image.default\">\n\t\t\t\t<div class=\"elementor-widget-container\">\n\t\t\t\t\t\t\t\t\t\t\t\t\t\t<a href=\"https:\/\/goitaly.ch\/calabriastraordinaria\/wp-content\/uploads\/2023\/07\/enogastronia.jpg\" data-elementor-open-lightbox=\"yes\" data-elementor-lightbox-title=\"enogastronia\" data-e-action-hash=\"#elementor-action%3Aaction%3Dlightbox%26settings%3DeyJpZCI6ODQ5NSwidXJsIjoiaHR0cHM6XC9cL2dvaXRhbHkuY2hcL2NhbGFicmlhc3RyYW9yZGluYXJpYVwvd3AtY29udGVudFwvdXBsb2Fkc1wvMjAyM1wvMDdcL2Vub2dhc3Ryb25pYS5qcGcifQ%3D%3D\">\n\t\t\t\t\t\t\t<img loading=\"lazy\" decoding=\"async\" width=\"1024\" height=\"683\" src=\"https:\/\/goitaly.ch\/calabriastraordinaria\/wp-content\/uploads\/2023\/07\/enogastronia-1024x683.jpg\" class=\"attachment-large size-large wp-image-8495\" alt=\"enogastronomia Calabria Straordinaria\" srcset=\"https:\/\/goitaly.ch\/calabriastraordinaria\/wp-content\/uploads\/2023\/07\/enogastronia-1024x683.jpg 1024w, https:\/\/goitaly.ch\/calabriastraordinaria\/wp-content\/uploads\/2023\/07\/enogastronia-300x200.jpg 300w, https:\/\/goitaly.ch\/calabriastraordinaria\/wp-content\/uploads\/2023\/07\/enogastronia-768x512.jpg 768w, https:\/\/goitaly.ch\/calabriastraordinaria\/wp-content\/uploads\/2023\/07\/enogastronia-1536x1024.jpg 1536w, https:\/\/goitaly.ch\/calabriastraordinaria\/wp-content\/uploads\/2023\/07\/enogastronia.jpg 1920w\" sizes=\"(max-width: 1024px) 100vw, 1024px\" \/>\t\t\t\t\t\t\t\t<\/a>\n\t\t\t\t\t\t\t\t\t\t\t\t\t<\/div>\n\t\t\t\t<\/div>\n\t\t\t\t\t<\/div>\n\t\t<\/div>\n\t\t\t\t\t<\/div>\n\t\t<\/section>\n\t\t\t\t<\/div>\n\t\t","protected":false},"excerpt":{"rendered":"<p>Saveurs de Calabre Saveurs de Calabre Produits typiques et cuisine authentique : des saveurs calabraises &nbsp;qui conqui\u00e8rent La Calabre conquiert et le fait en vous prenant par la gorge. Si vous avez certainement entendu parler de la &lsquo;nduja (et peut-\u00eatre m\u00eame vous l\u2019avez d\u00e9j\u00e0 go\u00fbt\u00e9e), vous ne connaissez probablement pas les fromages et les plats [&hellip;]<\/p>\n","protected":false},"author":1,"featured_media":0,"parent":0,"menu_order":0,"comment_status":"closed","ping_status":"closed","template":"","meta":{"rank_math_lock_modified_date":false,"footnotes":""},"class_list":["post-9040","page","type-page","status-publish","hentry"],"_links":{"self":[{"href":"https:\/\/goitaly.ch\/calabriastraordinaria\/fr\/wp-json\/wp\/v2\/pages\/9040","targetHints":{"allow":["GET"]}}],"collection":[{"href":"https:\/\/goitaly.ch\/calabriastraordinaria\/fr\/wp-json\/wp\/v2\/pages"}],"about":[{"href":"https:\/\/goitaly.ch\/calabriastraordinaria\/fr\/wp-json\/wp\/v2\/types\/page"}],"author":[{"embeddable":true,"href":"https:\/\/goitaly.ch\/calabriastraordinaria\/fr\/wp-json\/wp\/v2\/users\/1"}],"replies":[{"embeddable":true,"href":"https:\/\/goitaly.ch\/calabriastraordinaria\/fr\/wp-json\/wp\/v2\/comments?post=9040"}],"version-history":[{"count":4,"href":"https:\/\/goitaly.ch\/calabriastraordinaria\/fr\/wp-json\/wp\/v2\/pages\/9040\/revisions"}],"predecessor-version":[{"id":9044,"href":"https:\/\/goitaly.ch\/calabriastraordinaria\/fr\/wp-json\/wp\/v2\/pages\/9040\/revisions\/9044"}],"wp:attachment":[{"href":"https:\/\/goitaly.ch\/calabriastraordinaria\/fr\/wp-json\/wp\/v2\/media?parent=9040"}],"curies":[{"name":"wp","href":"https:\/\/api.w.org\/{rel}","templated":true}]}}