{"id":9058,"date":"2023-07-03T09:13:52","date_gmt":"2023-07-03T09:13:52","guid":{"rendered":"https:\/\/goitaly.ch\/calabriastraordinaria\/?page_id=9058"},"modified":"2023-07-05T15:33:04","modified_gmt":"2023-07-05T15:33:04","slug":"outdoor-fra-calabria-straordinaria","status":"publish","type":"page","link":"https:\/\/goitaly.ch\/calabriastraordinaria\/fr\/outdoor-fra-calabria-straordinaria\/","title":{"rendered":"Outdoor \u2013 Calabria Straordinaria"},"content":{"rendered":"\t\t<div data-elementor-type=\"wp-page\" data-elementor-id=\"9058\" class=\"elementor elementor-9058 elementor-8585\" data-elementor-post-type=\"page\">\n\t\t\t\t\t\t<section class=\"elementor-section elementor-top-section elementor-element elementor-element-6f16c77 elementor-section-stretched elementor-section-boxed elementor-section-height-default elementor-section-height-default\" data-id=\"6f16c77\" data-element_type=\"section\" data-settings=\"{&quot;stretch_section&quot;:&quot;section-stretched&quot;,&quot;background_background&quot;:&quot;classic&quot;}\">\n\t\t\t\t\t\t\t<div class=\"elementor-background-overlay\"><\/div>\n\t\t\t\t\t\t\t<div class=\"elementor-container elementor-column-gap-default\">\n\t\t\t\t\t<div class=\"elementor-column elementor-col-100 elementor-top-column elementor-element elementor-element-f0dc1ec\" data-id=\"f0dc1ec\" data-element_type=\"column\">\n\t\t\t<div class=\"elementor-widget-wrap elementor-element-populated\">\n\t\t\t\t\t\t<div class=\"elementor-element elementor-element-46ae250 elementor-widget elementor-widget-heading\" data-id=\"46ae250\" data-element_type=\"widget\" data-widget_type=\"heading.default\">\n\t\t\t\t<div class=\"elementor-widget-container\">\n\t\t\t<h6 class=\"elementor-heading-title elementor-size-default\">Sport et loisirs en Calabre<\/h6>\t\t<\/div>\n\t\t\t\t<\/div>\n\t\t\t\t\t<\/div>\n\t\t<\/div>\n\t\t\t\t\t<\/div>\n\t\t<\/section>\n\t\t\t\t<section class=\"elementor-section elementor-top-section elementor-element elementor-element-b036f09 elementor-section-stretched elementor-section-boxed elementor-section-height-default elementor-section-height-default\" data-id=\"b036f09\" data-element_type=\"section\" data-settings=\"{&quot;background_background&quot;:&quot;classic&quot;,&quot;stretch_section&quot;:&quot;section-stretched&quot;}\">\n\t\t\t\t\t\t\t<div class=\"elementor-background-overlay\"><\/div>\n\t\t\t\t\t\t\t<div class=\"elementor-container elementor-column-gap-default\">\n\t\t\t\t\t<div class=\"elementor-column elementor-col-100 elementor-top-column elementor-element elementor-element-1784920\" data-id=\"1784920\" data-element_type=\"column\">\n\t\t\t<div class=\"elementor-widget-wrap elementor-element-populated\">\n\t\t\t\t\t\t<section class=\"elementor-section elementor-inner-section elementor-element elementor-element-2be4515 elementor-section-full_width elementor-section-height-default elementor-section-height-default\" data-id=\"2be4515\" data-element_type=\"section\">\n\t\t\t\t\t\t<div class=\"elementor-container elementor-column-gap-default\">\n\t\t\t\t\t<div class=\"elementor-column elementor-col-50 elementor-inner-column elementor-element elementor-element-0ad3d17\" data-id=\"0ad3d17\" data-element_type=\"column\">\n\t\t\t<div class=\"elementor-widget-wrap elementor-element-populated\">\n\t\t\t\t\t\t<div class=\"elementor-element elementor-element-4b1dfdf elementor-widget elementor-widget-heading\" data-id=\"4b1dfdf\" data-element_type=\"widget\" data-widget_type=\"heading.default\">\n\t\t\t\t<div class=\"elementor-widget-container\">\n\t\t\t<h6 class=\"elementor-heading-title elementor-size-default\">Sport et loisirs en Calabre<\/h6>\t\t<\/div>\n\t\t\t\t<\/div>\n\t\t\t\t<div class=\"elementor-element elementor-element-ffa8735 elementor-headline--style-highlight elementor-widget elementor-widget-animated-headline\" data-id=\"ffa8735\" data-element_type=\"widget\" data-settings=\"{&quot;marker&quot;:&quot;strikethrough&quot;,&quot;highlighted_text&quot;:&quot;activit\\u00e9s en plein air &quot;,&quot;headline_style&quot;:&quot;highlight&quot;,&quot;loop&quot;:&quot;yes&quot;,&quot;highlight_animation_duration&quot;:1200,&quot;highlight_iteration_delay&quot;:8000}\" data-widget_type=\"animated-headline.default\">\n\t\t\t\t<div class=\"elementor-widget-container\">\n\t\t\t\t\t<h1 class=\"elementor-headline\">\n\t\t\t\t\t<span class=\"elementor-headline-plain-text elementor-headline-text-wrapper\">Trekking, escalade et kitesurf : de nombreuses <\/span>\n\t\t\t\t<span class=\"elementor-headline-dynamic-wrapper elementor-headline-text-wrapper\">\n\t\t\t\t\t<span class=\"elementor-headline-dynamic-text elementor-headline-text-active\">activit\u00e9s en plein air <\/span>\n\t\t\t\t<\/span>\n\t\t\t\t\t<span class=\"elementor-headline-plain-text elementor-headline-text-wrapper\"> &nbsp;\u00e0 vivre en Calabre<\/span>\n\t\t\t\t\t<\/h1>\n\t\t\t\t<\/div>\n\t\t\t\t<\/div>\n\t\t\t\t<div class=\"elementor-element elementor-element-13a769d elementor-widget elementor-widget-text-editor\" data-id=\"13a769d\" data-element_type=\"widget\" data-widget_type=\"text-editor.default\">\n\t\t\t\t<div class=\"elementor-widget-container\">\n\t\t\t\t\t\t\t<p>Gr\u00e2ce \u00e0 la pr\u00e9sence du plus long littoral de l&rsquo;Italie p\u00e9ninsulaire et \u00e0 ses nombreux espaces verts, la Calabre est la seule r\u00e9gion \u00e0 pouvoir pouvant vanter de t<strong>rois parcs naturels nationaux (Pollino, Sila et Aspromonte)<\/strong> et \u00e0 offrir ainsi une s\u00e9rie infinie et toujours renouvel\u00e9e d&rsquo;activit\u00e9s sportives et d&rsquo;excursions en plein air.<\/p>\t\t\t\t\t\t<\/div>\n\t\t\t\t<\/div>\n\t\t\t\t\t<\/div>\n\t\t<\/div>\n\t\t\t\t<div class=\"elementor-column elementor-col-50 elementor-inner-column elementor-element elementor-element-9c66313\" data-id=\"9c66313\" data-element_type=\"column\">\n\t\t\t<div class=\"elementor-widget-wrap elementor-element-populated\">\n\t\t\t\t\t\t<div class=\"elementor-element elementor-element-8f58dd4 elementor-widget elementor-widget-image\" data-id=\"8f58dd4\" data-element_type=\"widget\" data-widget_type=\"image.default\">\n\t\t\t\t<div class=\"elementor-widget-container\">\n\t\t\t\t\t\t\t\t\t\t\t\t\t\t<a href=\"https:\/\/goitaly.ch\/calabriastraordinaria\/wp-content\/uploads\/2023\/07\/outdoor-5.jpg\" data-elementor-open-lightbox=\"yes\" data-elementor-lightbox-title=\"outdoor-5\" data-e-action-hash=\"#elementor-action%3Aaction%3Dlightbox%26settings%3DeyJpZCI6ODU1OCwidXJsIjoiaHR0cHM6XC9cL2dvaXRhbHkuY2hcL2NhbGFicmlhc3RyYW9yZGluYXJpYVwvd3AtY29udGVudFwvdXBsb2Fkc1wvMjAyM1wvMDdcL291dGRvb3ItNS5qcGcifQ%3D%3D\">\n\t\t\t\t\t\t\t<img fetchpriority=\"high\" decoding=\"async\" width=\"1920\" height=\"1280\" src=\"https:\/\/goitaly.ch\/calabriastraordinaria\/wp-content\/uploads\/2023\/07\/outdoor-5.jpg\" class=\"attachment-full size-full wp-image-8558\" alt=\"outdoor - Calabria Straordinaria\" srcset=\"https:\/\/goitaly.ch\/calabriastraordinaria\/wp-content\/uploads\/2023\/07\/outdoor-5.jpg 1920w, https:\/\/goitaly.ch\/calabriastraordinaria\/wp-content\/uploads\/2023\/07\/outdoor-5-300x200.jpg 300w, https:\/\/goitaly.ch\/calabriastraordinaria\/wp-content\/uploads\/2023\/07\/outdoor-5-1024x683.jpg 1024w, https:\/\/goitaly.ch\/calabriastraordinaria\/wp-content\/uploads\/2023\/07\/outdoor-5-768x512.jpg 768w, https:\/\/goitaly.ch\/calabriastraordinaria\/wp-content\/uploads\/2023\/07\/outdoor-5-1536x1024.jpg 1536w\" sizes=\"(max-width: 1920px) 100vw, 1920px\" \/>\t\t\t\t\t\t\t\t<\/a>\n\t\t\t\t\t\t\t\t\t\t\t\t\t<\/div>\n\t\t\t\t<\/div>\n\t\t\t\t\t<\/div>\n\t\t<\/div>\n\t\t\t\t\t<\/div>\n\t\t<\/section>\n\t\t\t\t\t<\/div>\n\t\t<\/div>\n\t\t\t\t\t<\/div>\n\t\t<\/section>\n\t\t\t\t<section class=\"elementor-section elementor-top-section elementor-element elementor-element-dcfdba7 elementor-section-boxed elementor-section-height-default elementor-section-height-default\" data-id=\"dcfdba7\" data-element_type=\"section\">\n\t\t\t\t\t\t<div class=\"elementor-container elementor-column-gap-default\">\n\t\t\t\t\t<div class=\"elementor-column elementor-col-100 elementor-top-column elementor-element elementor-element-18510e9\" data-id=\"18510e9\" data-element_type=\"column\">\n\t\t\t<div class=\"elementor-widget-wrap elementor-element-populated\">\n\t\t\t\t\t\t<div class=\"elementor-element elementor-element-0061bde elementor-widget elementor-widget-text-editor\" data-id=\"0061bde\" data-element_type=\"widget\" data-widget_type=\"text-editor.default\">\n\t\t\t\t<div class=\"elementor-widget-container\">\n\t\t\t\t\t\t\t<p>Quelques exemples ? Imaginez que vous vous promeniez pendant des heures le long de la mer, ou que vous grimpiez le long d&rsquo;une falaise en admirant les vagues de la mer se briser sur les rochers non loin de vous. En Calabre, c&rsquo;est possible, mais ce n&rsquo;est pas tout.<\/p>\t\t\t\t\t\t<\/div>\n\t\t\t\t<\/div>\n\t\t\t\t<div class=\"elementor-element elementor-element-9dccade elementor-widget elementor-widget-text-editor\" data-id=\"9dccade\" data-element_type=\"widget\" data-widget_type=\"text-editor.default\">\n\t\t\t\t<div class=\"elementor-widget-container\">\n\t\t\t\t\t\t\t<p>En effet, les familles avec enfants, les jeunes couples ou les groupes d&rsquo;amis peuvent choisir l&rsquo;activit\u00e9 sportive en plein air la mieux adapt\u00e9e \u00e0 leurs besoins et \u00e0 leurs attentes. Cela va des sports a\u00e9riens, comme le parapente ou la montgolfi\u00e8re, aux sports de montagne, aussi bien en hiver, en skiant avec la vue sur la mer, qu&rsquo;en \u00e9t\u00e9, avec l&rsquo;escalade et le VTT.<\/p>\t\t\t\t\t\t<\/div>\n\t\t\t\t<\/div>\n\t\t\t\t<div class=\"elementor-element elementor-element-ad99d30 elementor-widget elementor-widget-text-editor\" data-id=\"ad99d30\" data-element_type=\"widget\" data-widget_type=\"text-editor.default\">\n\t\t\t\t<div class=\"elementor-widget-container\">\n\t\t\t\t\t\t\t<p>Les sports de mer ne manquent \u00e9videmment pas : outre la natation, on peut pratiquer le cano\u00eb, le rafting et le kitesurf. Les amateurs de d\u00e9tente pourront \u00e9galement s\u2019approcher \u00e0 l&rsquo;\u00e9quitation, opter pour des promenades sur des sentiers plus doux ou faire du birdwatching.<\/p>\t\t\t\t\t\t<\/div>\n\t\t\t\t<\/div>\n\t\t\t\t\t<\/div>\n\t\t<\/div>\n\t\t\t\t\t<\/div>\n\t\t<\/section>\n\t\t\t\t<section class=\"elementor-section elementor-top-section elementor-element elementor-element-4218b3e elementor-section-boxed elementor-section-height-default elementor-section-height-default\" data-id=\"4218b3e\" data-element_type=\"section\">\n\t\t\t\t\t\t<div class=\"elementor-container elementor-column-gap-default\">\n\t\t\t\t\t<div class=\"elementor-column elementor-col-33 elementor-top-column elementor-element elementor-element-4a2a89c\" data-id=\"4a2a89c\" data-element_type=\"column\">\n\t\t\t<div class=\"elementor-widget-wrap elementor-element-populated\">\n\t\t\t\t\t\t<div class=\"elementor-element elementor-element-0243ce0 elementor-widget elementor-widget-image\" data-id=\"0243ce0\" data-element_type=\"widget\" data-widget_type=\"image.default\">\n\t\t\t\t<div class=\"elementor-widget-container\">\n\t\t\t\t\t\t\t\t\t\t\t\t\t\t<a href=\"https:\/\/goitaly.ch\/calabriastraordinaria\/wp-content\/uploads\/2023\/07\/outdoor-3.jpg\" data-elementor-open-lightbox=\"yes\" data-elementor-lightbox-title=\"outdoor-3\" data-e-action-hash=\"#elementor-action%3Aaction%3Dlightbox%26settings%3DeyJpZCI6ODU5MSwidXJsIjoiaHR0cHM6XC9cL2dvaXRhbHkuY2hcL2NhbGFicmlhc3RyYW9yZGluYXJpYVwvd3AtY29udGVudFwvdXBsb2Fkc1wvMjAyM1wvMDdcL291dGRvb3ItMy5qcGcifQ%3D%3D\">\n\t\t\t\t\t\t\t<img decoding=\"async\" width=\"1024\" height=\"683\" src=\"https:\/\/goitaly.ch\/calabriastraordinaria\/wp-content\/uploads\/2023\/07\/outdoor-3-1024x683.jpg\" class=\"attachment-large size-large wp-image-8591\" alt=\"outdoor - Calabria Straordinaria\" srcset=\"https:\/\/goitaly.ch\/calabriastraordinaria\/wp-content\/uploads\/2023\/07\/outdoor-3-1024x683.jpg 1024w, https:\/\/goitaly.ch\/calabriastraordinaria\/wp-content\/uploads\/2023\/07\/outdoor-3-300x200.jpg 300w, https:\/\/goitaly.ch\/calabriastraordinaria\/wp-content\/uploads\/2023\/07\/outdoor-3-768x512.jpg 768w, https:\/\/goitaly.ch\/calabriastraordinaria\/wp-content\/uploads\/2023\/07\/outdoor-3-1536x1024.jpg 1536w, https:\/\/goitaly.ch\/calabriastraordinaria\/wp-content\/uploads\/2023\/07\/outdoor-3.jpg 1920w\" sizes=\"(max-width: 1024px) 100vw, 1024px\" \/>\t\t\t\t\t\t\t\t<\/a>\n\t\t\t\t\t\t\t\t\t\t\t\t\t<\/div>\n\t\t\t\t<\/div>\n\t\t\t\t\t<\/div>\n\t\t<\/div>\n\t\t\t\t<div class=\"elementor-column elementor-col-33 elementor-top-column elementor-element elementor-element-d1357a9\" data-id=\"d1357a9\" data-element_type=\"column\">\n\t\t\t<div class=\"elementor-widget-wrap elementor-element-populated\">\n\t\t\t\t\t\t<div class=\"elementor-element elementor-element-cbc61d6 elementor-widget elementor-widget-image\" data-id=\"cbc61d6\" data-element_type=\"widget\" data-widget_type=\"image.default\">\n\t\t\t\t<div class=\"elementor-widget-container\">\n\t\t\t\t\t\t\t\t\t\t\t\t\t\t<a href=\"https:\/\/goitaly.ch\/calabriastraordinaria\/wp-content\/uploads\/2023\/07\/outdoor-4.jpg\" data-elementor-open-lightbox=\"yes\" data-elementor-lightbox-title=\"outdoor-4\" data-e-action-hash=\"#elementor-action%3Aaction%3Dlightbox%26settings%3DeyJpZCI6ODU1MiwidXJsIjoiaHR0cHM6XC9cL2dvaXRhbHkuY2hcL2NhbGFicmlhc3RyYW9yZGluYXJpYVwvd3AtY29udGVudFwvdXBsb2Fkc1wvMjAyM1wvMDdcL291dGRvb3ItNC5qcGcifQ%3D%3D\">\n\t\t\t\t\t\t\t<img decoding=\"async\" width=\"1024\" height=\"682\" src=\"https:\/\/goitaly.ch\/calabriastraordinaria\/wp-content\/uploads\/2023\/07\/outdoor-4-1024x682.jpg\" class=\"attachment-large size-large wp-image-8552\" alt=\"outdoor - Calabria Straordinaria\" srcset=\"https:\/\/goitaly.ch\/calabriastraordinaria\/wp-content\/uploads\/2023\/07\/outdoor-4-1024x682.jpg 1024w, https:\/\/goitaly.ch\/calabriastraordinaria\/wp-content\/uploads\/2023\/07\/outdoor-4-300x200.jpg 300w, https:\/\/goitaly.ch\/calabriastraordinaria\/wp-content\/uploads\/2023\/07\/outdoor-4-768x512.jpg 768w, https:\/\/goitaly.ch\/calabriastraordinaria\/wp-content\/uploads\/2023\/07\/outdoor-4.jpg 1400w\" sizes=\"(max-width: 1024px) 100vw, 1024px\" \/>\t\t\t\t\t\t\t\t<\/a>\n\t\t\t\t\t\t\t\t\t\t\t\t\t<\/div>\n\t\t\t\t<\/div>\n\t\t\t\t\t<\/div>\n\t\t<\/div>\n\t\t\t\t<div class=\"elementor-column elementor-col-33 elementor-top-column elementor-element elementor-element-59924fd\" data-id=\"59924fd\" data-element_type=\"column\">\n\t\t\t<div class=\"elementor-widget-wrap elementor-element-populated\">\n\t\t\t\t\t\t<div class=\"elementor-element elementor-element-39fb988 elementor-widget elementor-widget-image\" data-id=\"39fb988\" data-element_type=\"widget\" data-widget_type=\"image.default\">\n\t\t\t\t<div class=\"elementor-widget-container\">\n\t\t\t\t\t\t\t\t\t\t\t\t\t\t<a href=\"https:\/\/goitaly.ch\/calabriastraordinaria\/wp-content\/uploads\/2023\/06\/outdoor1.jpg\" data-elementor-open-lightbox=\"yes\" data-elementor-lightbox-title=\"outdoor1\" data-e-action-hash=\"#elementor-action%3Aaction%3Dlightbox%26settings%3DeyJpZCI6Nzk1OSwidXJsIjoiaHR0cHM6XC9cL2dvaXRhbHkuY2hcL2NhbGFicmlhc3RyYW9yZGluYXJpYVwvd3AtY29udGVudFwvdXBsb2Fkc1wvMjAyM1wvMDZcL291dGRvb3IxLmpwZyJ9\">\n\t\t\t\t\t\t\t<img loading=\"lazy\" decoding=\"async\" width=\"1024\" height=\"682\" src=\"https:\/\/goitaly.ch\/calabriastraordinaria\/wp-content\/uploads\/2023\/06\/outdoor1-1024x682.jpg\" class=\"attachment-large size-large wp-image-7959\" alt=\"outdoor Calabria Straordinaria\" srcset=\"https:\/\/goitaly.ch\/calabriastraordinaria\/wp-content\/uploads\/2023\/06\/outdoor1-1024x682.jpg 1024w, https:\/\/goitaly.ch\/calabriastraordinaria\/wp-content\/uploads\/2023\/06\/outdoor1-300x200.jpg 300w, https:\/\/goitaly.ch\/calabriastraordinaria\/wp-content\/uploads\/2023\/06\/outdoor1-768x512.jpg 768w, https:\/\/goitaly.ch\/calabriastraordinaria\/wp-content\/uploads\/2023\/06\/outdoor1.jpg 1400w\" sizes=\"(max-width: 1024px) 100vw, 1024px\" \/>\t\t\t\t\t\t\t\t<\/a>\n\t\t\t\t\t\t\t\t\t\t\t\t\t<\/div>\n\t\t\t\t<\/div>\n\t\t\t\t\t<\/div>\n\t\t<\/div>\n\t\t\t\t\t<\/div>\n\t\t<\/section>\n\t\t\t\t<\/div>\n\t\t","protected":false},"excerpt":{"rendered":"<p>Sport et loisirs en Calabre Sport et loisirs en Calabre Trekking, escalade et kitesurf : de nombreuses activit\u00e9s en plein air &nbsp;\u00e0 vivre en Calabre Gr\u00e2ce \u00e0 la pr\u00e9sence du plus long littoral de l&rsquo;Italie p\u00e9ninsulaire et \u00e0 ses nombreux espaces verts, la Calabre est la seule r\u00e9gion \u00e0 pouvoir pouvant vanter de trois parcs [&hellip;]<\/p>\n","protected":false},"author":1,"featured_media":0,"parent":0,"menu_order":0,"comment_status":"closed","ping_status":"closed","template":"","meta":{"rank_math_lock_modified_date":false,"footnotes":""},"class_list":["post-9058","page","type-page","status-publish","hentry"],"_links":{"self":[{"href":"https:\/\/goitaly.ch\/calabriastraordinaria\/fr\/wp-json\/wp\/v2\/pages\/9058","targetHints":{"allow":["GET"]}}],"collection":[{"href":"https:\/\/goitaly.ch\/calabriastraordinaria\/fr\/wp-json\/wp\/v2\/pages"}],"about":[{"href":"https:\/\/goitaly.ch\/calabriastraordinaria\/fr\/wp-json\/wp\/v2\/types\/page"}],"author":[{"embeddable":true,"href":"https:\/\/goitaly.ch\/calabriastraordinaria\/fr\/wp-json\/wp\/v2\/users\/1"}],"replies":[{"embeddable":true,"href":"https:\/\/goitaly.ch\/calabriastraordinaria\/fr\/wp-json\/wp\/v2\/comments?post=9058"}],"version-history":[{"count":4,"href":"https:\/\/goitaly.ch\/calabriastraordinaria\/fr\/wp-json\/wp\/v2\/pages\/9058\/revisions"}],"predecessor-version":[{"id":9062,"href":"https:\/\/goitaly.ch\/calabriastraordinaria\/fr\/wp-json\/wp\/v2\/pages\/9058\/revisions\/9062"}],"wp:attachment":[{"href":"https:\/\/goitaly.ch\/calabriastraordinaria\/fr\/wp-json\/wp\/v2\/media?parent=9058"}],"curies":[{"name":"wp","href":"https:\/\/api.w.org\/{rel}","templated":true}]}}